{"id":1324,"date":"2022-03-06T14:13:10","date_gmt":"2022-03-06T13:13:10","guid":{"rendered":"https:\/\/wp-dev.altmann-gmbh.de\/?page_id=1324"},"modified":"2022-06-28T10:57:18","modified_gmt":"2022-06-28T08:57:18","slug":"mehrgang-potentiometer","status":"publish","type":"page","link":"https:\/\/training.altmann-gmbh.de\/en\/mehrgang-potentiometer\/","title":{"rendered":"Multiturn-Potentiometer"},"content":{"rendered":"<style>\/*! elementor - v3.6.6 - 08-06-2022 *\/\n.elementor-heading-title{padding:0;margin:0;line-height:1}.elementor-widget-heading .elementor-heading-title[class*=elementor-size-]>a{color:inherit;font-size:inherit;line-height:inherit}.elementor-widget-heading .elementor-heading-title.elementor-size-small{font-size:15px}.elementor-widget-heading .elementor-heading-title.elementor-size-medium{font-size:19px}.elementor-widget-heading .elementor-heading-title.elementor-size-large{font-size:29px}.elementor-widget-heading .elementor-heading-title.elementor-size-xl{font-size:39px}.elementor-widget-heading .elementor-heading-title.elementor-size-xxl{font-size:59px}<\/style>\n<h1>Multiturn-Potentiometer<\/h1>\n<style>\/*! elementor - v3.6.6 - 08-06-2022 *\/\n.elementor-widget-image{text-align:center}.elementor-widget-image a{display:inline-block}.elementor-widget-image a img[src$=\".svg\"]{width:48px}.elementor-widget-image img{vertical-align:middle;display:inline-block}<\/style>\n<p>\t\t\t\t\t\t\t\t\t\t\t\t\t<a href=\"\/en\/dmg18-und-dmg19\"><br \/>\n\t\t\t\t\t\t\t<img loading=\"lazy\" decoding=\"async\" width=\"714\" height=\"482\" src=\"https:\/\/potentiometer.de\/wp-content\/uploads\/2022\/03\/DMG18_DMG19_Mehrgang_Altmann-GmbH_potentiometer-1.jpg\" alt=\"\" loading=\"lazy\" srcset=\"https:\/\/potentiometer.de\/wp-content\/uploads\/2022\/03\/DMG18_DMG19_Mehrgang_Altmann-GmbH_potentiometer-1.jpg 714w, https:\/\/potentiometer.de\/wp-content\/uploads\/2022\/03\/DMG18_DMG19_Mehrgang_Altmann-GmbH_potentiometer-1-300x203.jpg 300w\" sizes=\"auto, (max-width: 714px) 100vw, 714px\" \/>\t\t\t\t\t\t\t\t<\/a><br \/>\n\t\t\t\t\t\t\t\t\t\t\t\t\t\t\t\t<a href=\"\/en\/dmg22\"><br \/>\n\t\t\t\t\t\t\t<img loading=\"lazy\" decoding=\"async\" width=\"714\" height=\"482\" src=\"https:\/\/potentiometer.de\/wp-content\/uploads\/2022\/03\/DMG22_Mehrgang_Altmann-GmbH_potentiometer-1.jpg\" alt=\"\" loading=\"lazy\" srcset=\"https:\/\/potentiometer.de\/wp-content\/uploads\/2022\/03\/DMG22_Mehrgang_Altmann-GmbH_potentiometer-1.jpg 714w, https:\/\/potentiometer.de\/wp-content\/uploads\/2022\/03\/DMG22_Mehrgang_Altmann-GmbH_potentiometer-1-300x203.jpg 300w\" sizes=\"auto, (max-width: 714px) 100vw, 714px\" \/>\t\t\t\t\t\t\t\t<\/a><br \/>\n\t\t\t\t\t\t\t\t\t\t\t\t\t\t\t\t<a href=\"\/en\/dmg23\"><br \/>\n\t\t\t\t\t\t\t<img loading=\"lazy\" decoding=\"async\" width=\"714\" height=\"482\" src=\"https:\/\/potentiometer.de\/wp-content\/uploads\/2022\/03\/DMG23_Mehrgang_Altmann-GmbH_potentiometer-1.jpg\" alt=\"\" loading=\"lazy\" srcset=\"https:\/\/potentiometer.de\/wp-content\/uploads\/2022\/03\/DMG23_Mehrgang_Altmann-GmbH_potentiometer-1.jpg 714w, https:\/\/potentiometer.de\/wp-content\/uploads\/2022\/03\/DMG23_Mehrgang_Altmann-GmbH_potentiometer-1-300x203.jpg 300w\" sizes=\"auto, (max-width: 714px) 100vw, 714px\" \/>\t\t\t\t\t\t\t\t<\/a><br \/>\n\t\t\t\t\t\t\t\t\t\t\t\t\t\t\t\t<a href=\"\/en\/dmg24m\"><br \/>\n\t\t\t\t\t\t\t<img loading=\"lazy\" decoding=\"async\" width=\"714\" height=\"482\" src=\"https:\/\/potentiometer.de\/wp-content\/uploads\/2022\/03\/DMG24M_Mehrgang_Altmann-GmbH_potentiometer-1.jpg\" alt=\"\" loading=\"lazy\" srcset=\"https:\/\/potentiometer.de\/wp-content\/uploads\/2022\/03\/DMG24M_Mehrgang_Altmann-GmbH_potentiometer-1.jpg 714w, https:\/\/potentiometer.de\/wp-content\/uploads\/2022\/03\/DMG24M_Mehrgang_Altmann-GmbH_potentiometer-1-300x203.jpg 300w\" sizes=\"auto, (max-width: 714px) 100vw, 714px\" \/>\t\t\t\t\t\t\t\t<\/a><\/p>\n<h2><a href=\"\/en\/dmg18-und-dmg19\">DMG18 \/ 19<\/a><\/h2>\n<h2><a href=\"\/en\/dmg22\">DMG22<\/a><\/h2>\n<h2><a href=\"\/en\/dmg23\">DMG23<\/a><\/h2>\n<h2><a href=\"\/en\/dmg24m\">DMG24M<\/a><\/h2>\n<p><strong>Shaft<\/strong><\/p>\n<p>\u00d86,35&#215;12 mm<\/p>\n<p>\u00d86&#215;20 mm<\/p>\n<p>\u00d86&#215;20 mm<\/p>\n<p>\u00d86&#215;20 mm<\/p>\n<p><strong>Dimensions<\/strong><\/p>\n<p>\u00d822&#215;27,5mm <br \/>(without shaft)<\/p>\n<p>\u00d834,5&#215;59,5 mm <br \/>(without shaft)<\/p>\n<p>\u00d836,5&#215;59,5mm <br \/>(without shaft)<\/p>\n<p>\u00d836,5&#215;62,5 mm <br \/>(without shaft)<\/p>\n<p><strong>Mounting types<\/strong><\/p>\n<p>3\/8&#8243;\u00a0<\/p>\n<p>M10 x 0,75<\/p>\n<p>M10 x 0,75<\/p>\n<p>M10 x 0,75<\/p>\n<p><strong>Torque<\/strong><\/p>\n<p>up to 0,8 Ncm<\/p>\n<p>up to 0,8 Ncm<\/p>\n<p>up to 0,8 Ncm<\/p>\n<p>0,5 to 0,8 Ncm<\/p>\n<p><strong>Electrical\/mechanical<br \/>rotation angle<\/strong><\/p>\n<p>1080\u00b0\/1080\u00b0<br \/>1800\u00b0\/1800\u00b0<br \/>3600\u00b0\/3600\u00b0<\/p>\n<p>1080\u00b0\/1080\u00b0<br \/>1800\u00b0\/1800\u00b0<br \/>3600\u00b0\/3600\u00b0<\/p>\n<p>1080\u00b0\/1080\u00b0<br \/>1800\u00b0\/1800\u00b0<br \/>3600\u00b0\/3600\u00b0<\/p>\n<p>1080\u00b0\/1080\u00b0<br \/>1800\u00b0\/1800\u00b0<br \/>3600\u00b0\/3600\u00b0<\/p>\n<p><strong>Rotation load life<\/strong><\/p>\n<p>max. 5&#215;10\u2075 slider path <br \/>(360\u00b0)<\/p>\n<p>max. 5&#215;10\u2075 slider path<br \/>(360\u00b0)<\/p>\n<p>max 1&#215;10\u2076 slider path<br \/>(360\u00b0)<\/p>\n<p>max. 1&#215;10\u2076 slider path<br \/>(360\u00b0)<\/p>\n<p><strong>Type of connection<\/strong><\/p>\n<p>Solder connection<\/p>\n<p>Solder connection, cable connection, terminal block<\/p>\n<p>Solder connection, cable connection, terminal block<\/p>\n<p>Solder connection, cable connection, terminal block<\/p>\n<p><strong>Resistor element<\/strong><\/p>\n<p>Wirewound \/ Hybrid<\/p>\n<p>Wirewound \/ Hybrid<\/p>\n<p>Wirewound \/ Hybrid<\/p>\n<p>Wirewound \/ Hybrid<\/p>\n<p><strong>Resistance values<br \/>+ Tolerance<\/strong><\/p>\n<p>1, 2, 5, 10 K-Ohm \u00b15%\/\u00b110%<\/p>\n<p>1, 2, 5, 10 K-Ohm \u00b15%\/\u00b110%<\/p>\n<p>1, 2, 5, 10 K-Ohm \u00b15%\/\u00b110%<\/p>\n<p>0\/4\u202620 mA \u00b1 0,04 mA 0\u202610 V <br \/>\u00b1 0,03 mA<\/p>\n<p><strong>Linearity<\/strong><\/p>\n<p>\u00b10,25%<\/p>\n<p>\u00b10,25%<\/p>\n<p>\u00b10,25%<\/p>\n<p>\u00b10,25%<\/p>\n<p><strong>Sensor output<\/strong><\/p>\n<p>&#8211;<\/p>\n<p>&#8211;<\/p>\n<p>&#8211;<\/p>\n<p>x<\/p>\n<p><strong>Centre tap<\/strong><\/p>\n<p>&#8211;<\/p>\n<p>&#8211;<\/p>\n<p>&#8211;<\/p>\n<p>&#8211;<\/p>\n<p><strong>Application \/ <\/strong><strong>Market sector<br \/><\/strong>(Examples)<\/p>\n<p>Machinery and plant engineering<\/p>\n<p>Machinery and plant engineering, automotive<\/p>\n<p>Machinery and plant engineering, automotive<\/p>\n<p>Machinery and plant engineering, automotive<\/p>\n<p><strong>Properties<\/strong><\/p>\n<ul>\n<li>Rotational angle range <br \/>up to 3600\u00b0<\/li>\n<li>Standard with 3, 5 or 10 gears<\/li>\n<li>Also available as a metric version<\/li>\n<li>Maintenance-free sliding bearing (metric version)<\/li>\n<li>Protection class IP40, optional IP65 shaft side (metric version)<\/li>\n<\/ul>\n<ul>\n<li>Rotational angle range <br \/>up to 3600\u00b0<\/li>\n<li>Standard with 3, 5 or 10 gears<\/li>\n<li>Maintenance-free <br \/>sliding bearing<\/li>\n<li>Protection class up to <br \/>max. IP67<\/li>\n<\/ul>\n<ul>\n<li>Rotational angle range <br \/>up to 3600\u00b0<\/li>\n<li>Standard with 3, 5 or 10 gears<\/li>\n<li>Maintenance-free <br \/>sliding bearing<\/li>\n<li>Protection class up to <br \/>max. IP67<\/li>\n<\/ul>\n<ul>\n<li>Rotational angle range <br \/>up to 3600\u00b0<\/li>\n<li>Standard with 3, 5 or 10 gears<\/li>\n<li>Maintenance-free <br \/>sliding bearing<\/li>\n<li>Protection class up to <br \/>max. IP67<\/li>\n<\/ul>\n<h1>Mehrgang-Potentiometer<\/h1>\n<style>.elementor-toggle{text-align:left}.elementor-toggle .elementor-tab-title{font-weight:700;line-height:1;margin:0;padding:15px;border-bottom:1px solid #d4d4d4;cursor:pointer;outline:none}.elementor-toggle .elementor-tab-title .elementor-toggle-icon{display:inline-block;width:1em}.elementor-toggle .elementor-tab-title .elementor-toggle-icon svg{-webkit-margin-start:-5px;margin-inline-start:-5px;width:1em;height:1em}.elementor-toggle .elementor-tab-title .elementor-toggle-icon.elementor-toggle-icon-right{float:right;text-align:right}.elementor-toggle .elementor-tab-title .elementor-toggle-icon.elementor-toggle-icon-left{float:left;text-align:left}.elementor-toggle .elementor-tab-title .elementor-toggle-icon .elementor-toggle-icon-closed{display:block}.elementor-toggle .elementor-tab-title .elementor-toggle-icon .elementor-toggle-icon-opened{display:none}.elementor-toggle .elementor-tab-title.elementor-active{border-bottom:none}.elementor-toggle .elementor-tab-title.elementor-active .elementor-toggle-icon-closed{display:none}.elementor-toggle .elementor-tab-title.elementor-active .elementor-toggle-icon-opened{display:block}.elementor-toggle .elementor-tab-content{padding:15px;border-bottom:1px solid #d4d4d4;display:none}@media (max-width:900px){.elementor-toggle .elementor-tab-title{padding:12px}.elementor-toggle .elementor-tab-content{padding:12px 10px}}<\/style>\n<h2 id=\"elementor-tab-title-1771\" data-tab=\"1\" role=\"tab\" aria-controls=\"elementor-tab-content-1771\" aria-expanded=\"false\">\n\t\t\t\t\t\t\t\t\t\t\t\t<a href=\"\">DMG18 und DMG18<\/a><br \/>\n\t\t\t\t\t<\/h2>\n<p><a href=\"\/en\/dmg18-und-dmg19\"><img fetchpriority=\"high\" decoding=\"async\" src=\"https:\/\/potentiometer.de\/wp-content\/uploads\/2022\/03\/DMG18_DMG19_Mehrgang_Altmann-GmbH_potentiometer-300x203.jpg\" alt=\"\" width=\"300\" height=\"203\" \/><\/a><\/p>\n<ul>\n<li>Welle: \u00d86,35\u00d712 mm<\/li>\n<li>Baugr\u00f6\u00dfe: \u00d822&#215;27,5mm (o. Welle)<\/li>\n<li>Befestigungsart: 3\/8\u2033\u00a0<\/li>\n<li>Drehmoment: bis 0,8 Ncm<\/li>\n<li>Drehwinkel elek.\/mech.:\n<ul>\n<li>1080\u00b0\/1080\u00b0<\/li>\n<li>1800\u00b0\/1800\u00b0<\/li>\n<li>3600\u00b0\/3600\u00b0<\/li>\n<\/ul>\n<\/li>\n<li>Lebensdauer: max. 5\u00d710\u2075 Schleiferweg<br \/>(360\u00b0)<\/li>\n<li>Anschluss: L\u00f6tanschluss<\/li>\n<li>Widerstandselement: Draht \/ Hybrid<\/li>\n<li>Widerstandswerte + Toleranz: 1, 2, 5, 10 K-Ohm \u00b15%\/\u00b110%<\/li>\n<li>Linearit\u00e4t: \u00b10,25%<\/li>\n<li>Sensorausgang: \u2014<\/li>\n<li>Mittelanzapfung: \u2014<\/li>\n<li>Anwendung\/Marktsegment: Maschinen- und Anlagenbau<\/li>\n<li>Eigenschaften:\n<ul>\n<li>Drehwinkelbereich bis 3600\u00b0<\/li>\n<li>Standardm\u00e4\u00dfig mit 3, 5 oder 10 G\u00e4ngen<\/li>\n<li>Auch als metrische Version lieferbar<\/li>\n<li>Wartungsfreies Gleitlager (metrische Version)<\/li>\n<li>Schutzklasse IP40, optional IP65 wellenseitig (metrische Version)<\/li>\n<\/ul>\n<\/li>\n<\/ul>\n<p><a href=\"\/en\/dmg18-und-dmg19\">Mehr erfahren<\/a><\/p>\n<h2 id=\"elementor-tab-title-1772\" data-tab=\"2\" role=\"tab\" aria-controls=\"elementor-tab-content-1772\" aria-expanded=\"false\">\n\t\t\t\t\t\t\t\t\t\t\t\t<a href=\"\">DMG22<\/a><br \/>\n\t\t\t\t\t<\/h2>\n<p><a href=\"\/en\/dmg22\"><img decoding=\"async\" src=\"https:\/\/potentiometer.de\/wp-content\/uploads\/2022\/03\/DMG22_Mehrgang_Altmann-GmbH_potentiometer-300x203.jpg\" alt=\"\" width=\"300\" height=\"203\" \/><\/a><\/p>\n<ul>\n<li>Welle: \u00d86&#215;20 mm<\/li>\n<li>Baugr\u00f6\u00dfe: \u00d834,5&#215;59,5 mm (o. Welle)<\/li>\n<li>Befestigungsart: M10 x 0,75<\/li>\n<li>Drehmoment: bis 0,8 Ncm<\/li>\n<li>Drehwinkel elek.\/mech.:\n<ul>\n<li>1080\u00b0\/1080\u00b0<\/li>\n<li>1800\u00b0\/1800\u00b0<\/li>\n<li>3600\u00b0\/3600\u00b0<\/li>\n<\/ul>\n<\/li>\n<li>Lebensdauer: max. 5\u00d710\u2075 Schleiferweg<br \/>(360\u00b0)<\/li>\n<li>Anschluss: L\u00f6tanschluss,\u00a0Kabelanschluss,\u00a0Reihenklemme<\/li>\n<li>Widerstandselement: Draht \/ Hybrid<\/li>\n<li>Widerstandswerte + Toleranz: 1, 2, 5, 10 K-Ohm \u00b15%\/\u00b110%<\/li>\n<li>Linearit\u00e4t: \u00b10,25%<\/li>\n<li>Sensorausgang: \u2014<\/li>\n<li>Mittelanzapfung: \u2014<\/li>\n<li>Anwendung\/Marktsegment: Maschinen- und Anlagenbau, Fahrzeugbau<\/li>\n<li>Eigenschaften:\n<ul>\n<li>Drehwinkelbereich bis 3600\u00b0<\/li>\n<li>Standardm\u00e4\u00dfig mit 3, 5 oder 10 G\u00e4ngen<\/li>\n<li>Wartungsfreies Gleitlager<\/li>\n<li>Schutzklasse bis max. IP67<\/li>\n<\/ul>\n<\/li>\n<\/ul>\n<p><a href=\"\/en\/dmg22\">Mehr erfahren<\/a><\/p>\n<h2 id=\"elementor-tab-title-1773\" data-tab=\"3\" role=\"tab\" aria-controls=\"elementor-tab-content-1773\" aria-expanded=\"false\">\n\t\t\t\t\t\t\t\t\t\t\t\t<a href=\"\">DMG23<\/a><br \/>\n\t\t\t\t\t<\/h2>\n<p><a href=\"\/en\/dmg23\"><img decoding=\"async\" src=\"https:\/\/potentiometer.de\/wp-content\/uploads\/2022\/03\/DMG23_Mehrgang_Altmann-GmbH_potentiometer-300x203.jpg\" alt=\"\" width=\"300\" height=\"203\" \/><\/a><\/p>\n<ul>\n<li>Welle: \u00d86&#215;20 mm<\/li>\n<li>Baugr\u00f6\u00dfe: \u00d836,5&#215;59,5mm (o. Welle)<\/li>\n<li>Befestigungsart: M10 x 0,75<\/li>\n<li>Drehmoment: bis 0,8 Ncm<\/li>\n<li>Drehwinkel elek.\/mech.:\n<ul>\n<li>1080\u00b0\/1080\u00b0<\/li>\n<li>1800\u00b0\/1800\u00b0<\/li>\n<li>3600\u00b0\/3600\u00b0<\/li>\n<\/ul>\n<\/li>\n<li>Lebensdauer: max 1\u00d710\u2076 Schleiferweg<br \/>(360\u00b0)<\/li>\n<li>Anschluss: L\u00f6tanschluss, Kabelanschluss, Reihenklemme<\/li>\n<li>Widerstandselement: Draht \/ Hybrid<\/li>\n<li>Widerstandswerte + Toleranz: 1, 2, 5, 10 K-Ohm \u00b15%\/\u00b110%<\/li>\n<li>Linearit\u00e4t: \u00b10,25%<\/li>\n<li>Sensorausgang: \u2014<\/li>\n<li>Mittelanzapfung: \u2014<\/li>\n<li>Anwendung\/Marktsegment: Maschinen- und Anlagenbau, Fahrzeugbau<\/li>\n<li>Eigenschaften:\n<ul>\n<li>Drehwinkelbereich bis 3600\u00b0<\/li>\n<li>Standardm\u00e4\u00dfig mit 3, 5 oder 10 G\u00e4ngen<\/li>\n<li>Wartungsfreies Gleitlager<\/li>\n<li>Schutzklasse bis max. IP67<\/li>\n<\/ul>\n<\/li>\n<\/ul>\n<p><a href=\"\/en\/dmg23\">Mehr erfahren<\/a><\/p>\n<h2 id=\"elementor-tab-title-1774\" data-tab=\"4\" role=\"tab\" aria-controls=\"elementor-tab-content-1774\" aria-expanded=\"false\">\n\t\t\t\t\t\t\t\t\t\t\t\t<a href=\"\">DMG24M<\/a><br \/>\n\t\t\t\t\t<\/h2>\n<p><a href=\"\/en\/dmg24m\"><img loading=\"lazy\" decoding=\"async\" src=\"https:\/\/potentiometer.de\/wp-content\/uploads\/2022\/03\/DMG24M_Mehrgang_Altmann-GmbH_potentiometer-300x203.jpg\" alt=\"\" width=\"300\" height=\"203\" \/><\/a><\/p>\n<ul>\n<li>Welle: \u00d86&#215;20 mm<\/li>\n<li>Baugr\u00f6\u00dfe: \u00d836,5&#215;62,5 mm (o. Welle)<\/li>\n<li>Befestigungsart: M10 x 0,75<\/li>\n<li>Drehmoment: 0,5 bis 0,8 Ncm<\/li>\n<li>Drehwinkel elek.\/mech.:\n<ul>\n<li>1080\u00b0\/1080\u00b0<\/li>\n<li>1800\u00b0\/1800\u00b0<\/li>\n<li>3600\u00b0\/3600\u00b0<\/li>\n<\/ul>\n<\/li>\n<li>Lebensdauer: max. 1\u00d710\u2076 Schleiferweg<br \/>(360\u00b0)<\/li>\n<li>Anschluss: L\u00f6tanschluss, Kabelanschluss, Reihenklemme<\/li>\n<li>Widerstandselement: Draht \/ Hybrid<\/li>\n<li>Widerstandswerte + Toleranz: 0\/4\u202620 mA \u00b10,04 mA 0\u202610 V \u00b10,03 mA<\/li>\n<li>Linearit\u00e4t: \u00b10,25%<\/li>\n<li>Sensorausgang: m\u00f6glich<\/li>\n<li>Mittelanzapfung: \u2014<\/li>\n<li>Anwendung\/Marktsegment: Maschinen- und Anlagenbau, Fahrzeugbau<\/li>\n<li>Eigenschaften:\n<ul>\n<li>Drehwinkelbereich bis 3600\u00b0<\/li>\n<li>Standardm\u00e4\u00dfig mit 3, 5 oder 10 G\u00e4ngen<\/li>\n<li>Wartungsfreies Gleitlager<\/li>\n<li>Schutzklasse bis max. IP67<\/li>\n<\/ul>\n<\/li>\n<\/ul>\n<p><a href=\"\/en\/dmg24m\">Mehr erfahren<\/a><\/p>\n","protected":false},"excerpt":{"rendered":"<p>Multiturn-Potentiometer DMG18 \/ 19 DMG22 DMG23 DMG24M Shaft \u00d86,35&#215;12 mm \u00d86&#215;20 mm \u00d86&#215;20 mm \u00d86&#215;20 mm Dimensions \u00d822&#215;27,5mm (without shaft) \u00d834,5&#215;59,5 mm (without shaft) \u00d836,5&#215;59,5mm (without shaft) \u00d836,5&#215;62,5 mm (without shaft) Mounting types 3\/8&#8243;\u00a0 M10 x 0,75 M10 x 0,75 M10 x 0,75 Torque up to 0,8 Ncm up to 0,8 Ncm up to 0,8 [&hellip;]<\/p>\n","protected":false},"author":5,"featured_media":0,"parent":0,"menu_order":0,"comment_status":"closed","ping_status":"closed","template":"","meta":{"ocean_post_layout":"","ocean_both_sidebars_style":"","ocean_both_sidebars_content_width":0,"ocean_both_sidebars_sidebars_width":0,"ocean_sidebar":"0","ocean_second_sidebar":"0","ocean_disable_margins":"enable","ocean_add_body_class":"","ocean_shortcode_before_top_bar":"","ocean_shortcode_after_top_bar":"","ocean_shortcode_before_header":"","ocean_shortcode_after_header":"","ocean_has_shortcode":"","ocean_shortcode_after_title":"","ocean_shortcode_before_footer_widgets":"","ocean_shortcode_after_footer_widgets":"","ocean_shortcode_before_footer_bottom":"","ocean_shortcode_after_footer_bottom":"","ocean_display_top_bar":"default","ocean_display_header":"default","ocean_header_style":"","ocean_center_header_left_menu":"0","ocean_custom_header_template":"0","ocean_custom_logo":0,"ocean_custom_retina_logo":0,"ocean_custom_logo_max_width":0,"ocean_custom_logo_tablet_max_width":0,"ocean_custom_logo_mobile_max_width":0,"ocean_custom_logo_max_height":0,"ocean_custom_logo_tablet_max_height":0,"ocean_custom_logo_mobile_max_height":0,"ocean_header_custom_menu":"0","ocean_menu_typo_font_family":"0","ocean_menu_typo_font_subset":"","ocean_menu_typo_font_size":0,"ocean_menu_typo_font_size_tablet":0,"ocean_menu_typo_font_size_mobile":0,"ocean_menu_typo_font_size_unit":"px","ocean_menu_typo_font_weight":"","ocean_menu_typo_font_weight_tablet":"","ocean_menu_typo_font_weight_mobile":"","ocean_menu_typo_transform":"","ocean_menu_typo_transform_tablet":"","ocean_menu_typo_transform_mobile":"","ocean_menu_typo_line_height":0,"ocean_menu_typo_line_height_tablet":0,"ocean_menu_typo_line_height_mobile":0,"ocean_menu_typo_line_height_unit":"","ocean_menu_typo_spacing":0,"ocean_menu_typo_spacing_tablet":0,"ocean_menu_typo_spacing_mobile":0,"ocean_menu_typo_spacing_unit":"","ocean_menu_link_color":"","ocean_menu_link_color_hover":"","ocean_menu_link_color_active":"","ocean_menu_link_background":"","ocean_menu_link_hover_background":"","ocean_menu_link_active_background":"","ocean_menu_social_links_bg":"","ocean_menu_social_hover_links_bg":"","ocean_menu_social_links_color":"","ocean_menu_social_hover_links_color":"","ocean_disable_title":"default","ocean_disable_heading":"default","ocean_post_title":"","ocean_post_subheading":"","ocean_post_title_style":"","ocean_post_title_background_color":"","ocean_post_title_background":0,"ocean_post_title_bg_image_position":"","ocean_post_title_bg_image_attachment":"","ocean_post_title_bg_image_repeat":"","ocean_post_title_bg_image_size":"","ocean_post_title_height":0,"ocean_post_title_bg_overlay":0.5,"ocean_post_title_bg_overlay_color":"","ocean_disable_breadcrumbs":"default","ocean_breadcrumbs_color":"","ocean_breadcrumbs_separator_color":"","ocean_breadcrumbs_links_color":"","ocean_breadcrumbs_links_hover_color":"","ocean_display_footer_widgets":"default","ocean_display_footer_bottom":"default","ocean_custom_footer_template":"0","footnotes":""},"class_list":["post-1324","page","type-page","status-publish","hentry","entry"],"translation":{"provider":"WPGlobus","version":"3.0.2","language":"en","enabled_languages":["de","en"],"languages":{"de":{"title":true,"content":true,"excerpt":false},"en":{"title":true,"content":true,"excerpt":false}}},"_links":{"self":[{"href":"https:\/\/training.altmann-gmbh.de\/en\/wp-json\/wp\/v2\/pages\/1324","targetHints":{"allow":["GET"]}}],"collection":[{"href":"https:\/\/training.altmann-gmbh.de\/en\/wp-json\/wp\/v2\/pages"}],"about":[{"href":"https:\/\/training.altmann-gmbh.de\/en\/wp-json\/wp\/v2\/types\/page"}],"author":[{"embeddable":true,"href":"https:\/\/training.altmann-gmbh.de\/en\/wp-json\/wp\/v2\/users\/5"}],"replies":[{"embeddable":true,"href":"https:\/\/training.altmann-gmbh.de\/en\/wp-json\/wp\/v2\/comments?post=1324"}],"version-history":[{"count":10,"href":"https:\/\/training.altmann-gmbh.de\/en\/wp-json\/wp\/v2\/pages\/1324\/revisions"}],"predecessor-version":[{"id":5896,"href":"https:\/\/training.altmann-gmbh.de\/en\/wp-json\/wp\/v2\/pages\/1324\/revisions\/5896"}],"wp:attachment":[{"href":"https:\/\/training.altmann-gmbh.de\/en\/wp-json\/wp\/v2\/media?parent=1324"}],"curies":[{"name":"wp","href":"https:\/\/api.w.org\/{rel}","templated":true}]}}