{"id":1331,"date":"2022-03-06T14:14:53","date_gmt":"2022-03-06T13:14:53","guid":{"rendered":"https:\/\/wp-dev.altmann-gmbh.de\/?page_id=1331"},"modified":"2022-06-28T11:00:10","modified_gmt":"2022-06-28T09:00:10","slug":"linear-potentiometer","status":"publish","type":"page","link":"https:\/\/training.altmann-gmbh.de\/en\/linear-potentiometer\/","title":{"rendered":"Linear-Potentiometer"},"content":{"rendered":"<style>\/*! elementor - v3.6.6 - 08-06-2022 *\/\n.elementor-heading-title{padding:0;margin:0;line-height:1}.elementor-widget-heading .elementor-heading-title[class*=elementor-size-]>a{color:inherit;font-size:inherit;line-height:inherit}.elementor-widget-heading .elementor-heading-title.elementor-size-small{font-size:15px}.elementor-widget-heading .elementor-heading-title.elementor-size-medium{font-size:19px}.elementor-widget-heading .elementor-heading-title.elementor-size-large{font-size:29px}.elementor-widget-heading .elementor-heading-title.elementor-size-xl{font-size:39px}.elementor-widget-heading .elementor-heading-title.elementor-size-xxl{font-size:59px}<\/style>\n<h1>Linear-Potentiometer<\/h1>\n<style>\/*! elementor - v3.6.6 - 08-06-2022 *\/\n.elementor-widget-image{text-align:center}.elementor-widget-image a{display:inline-block}.elementor-widget-image a img[src$=\".svg\"]{width:48px}.elementor-widget-image img{vertical-align:middle;display:inline-block}<\/style>\n<p>\t\t\t\t\t\t\t\t\t\t\t\t\t<a href=\"\/en\/dl30\"><br \/>\n\t\t\t\t\t\t\t<img loading=\"lazy\" decoding=\"async\" width=\"714\" height=\"482\" src=\"https:\/\/potentiometer.de\/wp-content\/uploads\/2022\/03\/DL30_LL30_Linear_Altmann-GmbH_potentiometer-1.jpg\" alt=\"\" loading=\"lazy\" srcset=\"https:\/\/potentiometer.de\/wp-content\/uploads\/2022\/03\/DL30_LL30_Linear_Altmann-GmbH_potentiometer-1.jpg 714w, https:\/\/potentiometer.de\/wp-content\/uploads\/2022\/03\/DL30_LL30_Linear_Altmann-GmbH_potentiometer-1-300x203.jpg 300w\" sizes=\"auto, (max-width: 714px) 100vw, 714px\" \/>\t\t\t\t\t\t\t\t<\/a><br \/>\n\t\t\t\t\t\t\t\t\t\t\t\t\t\t\t\t<a href=\"\/en\/ll30\"><br \/>\n\t\t\t\t\t\t\t<img loading=\"lazy\" decoding=\"async\" width=\"714\" height=\"482\" src=\"https:\/\/potentiometer.de\/wp-content\/uploads\/2022\/03\/DL30_LL30_Linear_Altmann-GmbH_potentiometer-1.jpg\" alt=\"\" loading=\"lazy\" srcset=\"https:\/\/potentiometer.de\/wp-content\/uploads\/2022\/03\/DL30_LL30_Linear_Altmann-GmbH_potentiometer-1.jpg 714w, https:\/\/potentiometer.de\/wp-content\/uploads\/2022\/03\/DL30_LL30_Linear_Altmann-GmbH_potentiometer-1-300x203.jpg 300w\" sizes=\"auto, (max-width: 714px) 100vw, 714px\" \/>\t\t\t\t\t\t\t\t<\/a><br \/>\n\t\t\t\t\t\t\t\t\t\t\t\t\t\t\t\t<a href=\"\/en\/ll32\"><br \/>\n\t\t\t\t\t\t\t<img loading=\"lazy\" decoding=\"async\" width=\"714\" height=\"482\" src=\"https:\/\/potentiometer.de\/wp-content\/uploads\/2022\/03\/LL32_Linear_Altmann-GmbH_potentiometer-1.jpg\" alt=\"\" loading=\"lazy\" srcset=\"https:\/\/potentiometer.de\/wp-content\/uploads\/2022\/03\/LL32_Linear_Altmann-GmbH_potentiometer-1.jpg 714w, https:\/\/potentiometer.de\/wp-content\/uploads\/2022\/03\/LL32_Linear_Altmann-GmbH_potentiometer-1-300x203.jpg 300w\" sizes=\"auto, (max-width: 714px) 100vw, 714px\" \/>\t\t\t\t\t\t\t\t<\/a><br \/>\n\t\t\t\t\t\t\t\t\t\t\t\t\t\t\t\t<a href=\"\/en\/llwa\"><br \/>\n\t\t\t\t\t\t\t<img loading=\"lazy\" decoding=\"async\" width=\"714\" height=\"482\" src=\"https:\/\/potentiometer.de\/wp-content\/uploads\/2022\/03\/LLWA_Linear_Altmann-GmbH_potentiometer-1.jpg\" alt=\"\" loading=\"lazy\" srcset=\"https:\/\/potentiometer.de\/wp-content\/uploads\/2022\/03\/LLWA_Linear_Altmann-GmbH_potentiometer-1.jpg 714w, https:\/\/potentiometer.de\/wp-content\/uploads\/2022\/03\/LLWA_Linear_Altmann-GmbH_potentiometer-1-300x203.jpg 300w\" sizes=\"auto, (max-width: 714px) 100vw, 714px\" \/>\t\t\t\t\t\t\t\t<\/a><\/p>\n<h2><a href=\"\/en\/dl30\">DL30<\/a><\/h2>\n<h2><a href=\"\/en\/ll30\">LL30<\/a><\/h2>\n<h2><a href=\"\/en\/ll32\">LL32<\/a><\/h2>\n<h2><a href=\"\/en\/llwa\">LLWA<\/a><\/h2>\n<p><strong>Shaft<\/strong><\/p>\n<p>\u00d86 mm stainless steel<\/p>\n<p>\u00d86 mm stainless steel<\/p>\n<p>\u00d86 mm stainless steel<\/p>\n<p>&#8211;<\/p>\n<p><strong>Dimensions<\/strong><\/p>\n<p>Clamping claws, flange mounting<\/p>\n<p>Clamping claws, flange mounting<\/p>\n<p>Clamping claws, flange mounting<\/p>\n<p>According to customer requirements<\/p>\n<p><strong>Mounting types<\/strong><\/p>\n<p>30 &#8211; 500 mm<\/p>\n<p>30 &#8211; 500 mm<\/p>\n<p>50 &#8211; 1.000 mm<\/p>\n<p>50 &#8211; 500 mm<\/p>\n<p><strong>Rotation load life<\/strong><\/p>\n<p>1 x 10\u2076 slider path<\/p>\n<p>10 x 10\u2076 slider path<\/p>\n<p>100 x 10\u2076 slider path<\/p>\n<p>2,5 x 10\u2076 slider path<\/p>\n<p><strong>Type of connection<\/strong><\/p>\n<p>Cable and plug connection<\/p>\n<p>Cable and plug connection<\/p>\n<p>Cable and plug connection<\/p>\n<p>Cable and plug connection<\/p>\n<p><strong>Resistor element<\/strong><\/p>\n<p>Wirewound<\/p>\n<p>Conductive plastic<\/p>\n<p>Conductive plastic<\/p>\n<p>Conductive plastic<\/p>\n<p><strong>Resistance values + Tolerance<\/strong><\/p>\n<p>1, 2, 5, 10 K-Ohm \u00b13%<\/p>\n<p>1, 2, 5, 10 K-Ohm \u00b120%<\/p>\n<p>5, 10 K-Ohm \u00b120%\u00a0<\/p>\n<p>10 K-Ohm \u00b120%<\/p>\n<p><strong>Linearity<\/strong><\/p>\n<p>\u00b10,3%<\/p>\n<p>\u00b12%<\/p>\n<p>\u00b12%<\/p>\n<p>\u00b12%<\/p>\n<p><strong>Sensor output<\/strong><\/p>\n<p>x<\/p>\n<p>x<\/p>\n<p>x<\/p>\n<p>&#8211;<\/p>\n<p><strong>Centre tap<\/strong><\/p>\n<p>&#8211;<\/p>\n<p>&#8211;<\/p>\n<p>&#8211;<\/p>\n<p>&#8211;<\/p>\n<p><strong>Application \/\u00a0<\/strong><strong>Market sector<br \/><\/strong>(Examples)<\/p>\n<p>Machinery and plant engineering<\/p>\n<p>Machinery and plant engineering<\/p>\n<p>Machinery and plant engineering<\/p>\n<p>Machinery and plant engineering, <br \/>medical engineering<\/p>\n<p><strong>Properties<\/strong><\/p>\n<ul>\n<li>Robust aluminium housing<\/li>\n<li>Maintenance-free sliding bearing<\/li>\n<li>Optional button spring or return spring<\/li>\n<li>Transmitter can be integrated<\/li>\n<\/ul>\n<ul>\n<li>Robust aluminium housing<\/li>\n<li>Maintenance-free sliding bearing<\/li>\n<li>Optional button spring or return spring<\/li>\n<li>Transmitter can be integrated<\/li>\n<\/ul>\n<ul>\n<li>Robust aluminium housing<\/li>\n<li>Maintenance-free sliding bearing<\/li>\n<li>Optional button spring or return spring<\/li>\n<li>Transmitter can be integrated<\/li>\n<\/ul>\n<ul>\n<li>Potentiometer on FR4 for system integration<\/li>\n<\/ul>\n<h1>Linear-Potentiometer<\/h1>\n<style>.elementor-toggle{text-align:left}.elementor-toggle .elementor-tab-title{font-weight:700;line-height:1;margin:0;padding:15px;border-bottom:1px solid #d4d4d4;cursor:pointer;outline:none}.elementor-toggle .elementor-tab-title .elementor-toggle-icon{display:inline-block;width:1em}.elementor-toggle .elementor-tab-title .elementor-toggle-icon svg{-webkit-margin-start:-5px;margin-inline-start:-5px;width:1em;height:1em}.elementor-toggle .elementor-tab-title .elementor-toggle-icon.elementor-toggle-icon-right{float:right;text-align:right}.elementor-toggle .elementor-tab-title .elementor-toggle-icon.elementor-toggle-icon-left{float:left;text-align:left}.elementor-toggle .elementor-tab-title .elementor-toggle-icon .elementor-toggle-icon-closed{display:block}.elementor-toggle .elementor-tab-title .elementor-toggle-icon .elementor-toggle-icon-opened{display:none}.elementor-toggle .elementor-tab-title.elementor-active{border-bottom:none}.elementor-toggle .elementor-tab-title.elementor-active .elementor-toggle-icon-closed{display:none}.elementor-toggle .elementor-tab-title.elementor-active .elementor-toggle-icon-opened{display:block}.elementor-toggle .elementor-tab-content{padding:15px;border-bottom:1px solid #d4d4d4;display:none}@media (max-width:900px){.elementor-toggle .elementor-tab-title{padding:12px}.elementor-toggle .elementor-tab-content{padding:12px 10px}}<\/style>\n<h2 id=\"elementor-tab-title-5851\" data-tab=\"1\" role=\"tab\" aria-controls=\"elementor-tab-content-5851\" aria-expanded=\"false\">\n\t\t\t\t\t\t\t\t\t\t\t\t<a href=\"\">DL30<\/a><br \/>\n\t\t\t\t\t<\/h2>\n<p><a href=\"\/en\/dl30\"><img fetchpriority=\"high\" decoding=\"async\" src=\"https:\/\/potentiometer.de\/wp-content\/uploads\/2022\/03\/DL30_LL30_Linear_Altmann-GmbH_potentiometer-300x203.jpg\" alt=\"\" width=\"300\" height=\"203\" \/><\/a><\/p>\n<ul>\n<li>Welle: \u00d86 mm Edelstahl<\/li>\n<li>Befestigungsart: Spannklauen, Flanschbefestigung<\/li>\n<li>Weg: 30 &#8211; 500 mm<\/li>\n<li>Lebensdauer: 1 x 10\u2076 Schleiferweg<\/li>\n<li>Anschluss: Kabel, Stecker<\/li>\n<li>Widerstandselement: Draht<\/li>\n<li>Widerstandswerte + Toleranz: 1, 2, 5, 10 K-Ohm \u00b13%<\/li>\n<li>Linearit\u00e4t: \u00b10,3%<\/li>\n<li>Sensorausgang: m\u00f6glich<\/li>\n<li>Mittelanzapfung: \u2014<\/li>\n<li>Anwendung\/Marktsegment: Maschinen- und Anlagenbau<\/li>\n<li>Eigenschaften:\n<ul>\n<li>Robustes Alugeh\u00e4use<\/li>\n<li>Wartungsfreies Gleitlager<\/li>\n<li>Optional Tasterfeder oder R\u00fcckholfeder<\/li>\n<li>Messumformer integrierbar<\/li>\n<\/ul>\n<\/li>\n<\/ul>\n<p><a href=\"\/en\/dl30\">Mehr erfahren<\/a><\/p>\n<h2 id=\"elementor-tab-title-5852\" data-tab=\"2\" role=\"tab\" aria-controls=\"elementor-tab-content-5852\" aria-expanded=\"false\">\n\t\t\t\t\t\t\t\t\t\t\t\t<a href=\"\">LL30<\/a><br \/>\n\t\t\t\t\t<\/h2>\n<p><a href=\"\/en\/ll30\"><img decoding=\"async\" src=\"https:\/\/wp-dev.altmann-gmbh.de\/wp-content\/uploads\/2022\/03\/DL30_LL30_Linear_Altmann-GmbH_potentiometer-300x203.jpg\" alt=\"\" width=\"300\" height=\"203\" \/><\/a><\/p>\n<ul>\n<li>Welle: \u00d86 mm Edelstahl<\/li>\n<li>Befestigungsart: Spannklauen, Flanschbefestigung<\/li>\n<li>Weg: 30 &#8211; 500 mm<\/li>\n<li>Lebensdauer: 1 x 10\u2076 Schleiferweg<\/li>\n<li>Anschluss: Kabel, Stecker<\/li>\n<li>Widerstandselement: Leitplastik<\/li>\n<li>Widerstandswerte + Toleranz: 1, 2, 5, 10 K-Ohm \u00b120%<\/li>\n<li>Linearit\u00e4t: \u00b12%<\/li>\n<li>Sensorausgang: m\u00f6glich<\/li>\n<li>Mittelanzapfung: \u2014<\/li>\n<li>Anwendung\/Marktsegment: Maschinen- und Anlagenbau<\/li>\n<li>Eigenschaften:\n<ul>\n<li>Robustes Alugeh\u00e4use<\/li>\n<li>Wartungsfreies Gleitlager<\/li>\n<li>Optional Tasterfeder oder R\u00fcckholfeder<\/li>\n<li>Messumformer integrierbar<\/li>\n<\/ul>\n<\/li>\n<\/ul>\n<p><a href=\"\/en\/ll30\">Mehr erfahren<\/a><\/p>\n<h2 id=\"elementor-tab-title-5853\" data-tab=\"3\" role=\"tab\" aria-controls=\"elementor-tab-content-5853\" aria-expanded=\"false\">\n\t\t\t\t\t\t\t\t\t\t\t\t<a href=\"\">LL32<\/a><br \/>\n\t\t\t\t\t<\/h2>\n<p><a href=\"\/en\/ll32\"><img decoding=\"async\" src=\"https:\/\/potentiometer.de\/wp-content\/uploads\/2022\/03\/LL32_Linear_Altmann-GmbH_potentiometer-300x203.jpg\" alt=\"\" width=\"300\" height=\"203\" \/><\/a><\/p>\n<ul>\n<li>Welle: \u00d86 mm Edelstahl<\/li>\n<li>Befestigungsart: Spannklauen, Flanschbefestigung<\/li>\n<li>Weg: 50 \u2013 1.000 mm<\/li>\n<li>Lebensdauer: 100 x 10\u2076 Schleiferweg<\/li>\n<li>Anschluss: Kabel, Stecker<\/li>\n<li>Widerstandselement: Leitplastik<\/li>\n<li>Widerstandswerte + Toleranz: 5, 10 K-Ohm \u00b120%\u00a0<\/li>\n<li>Linearit\u00e4t: \u00b12%<\/li>\n<li>Sensorausgang: m\u00f6glich<\/li>\n<li>Mittelanzapfung: \u2014<\/li>\n<li>Anwendung\/Marktsegment: Maschinen- und Anlagenbau<\/li>\n<li>Eigenschaften:\n<ul>\n<li>Robustes Alugeh\u00e4use<\/li>\n<li>Wartungsfreies Gleitlager<\/li>\n<li>Optional Tasterfeder oder R\u00fcckholfeder<\/li>\n<li>Messumformer integrierbar<\/li>\n<\/ul>\n<\/li>\n<\/ul>\n<p><a href=\"\/en\/ll32\">Mehr erfahren<\/a><\/p>\n<h2 id=\"elementor-tab-title-5854\" data-tab=\"4\" role=\"tab\" aria-controls=\"elementor-tab-content-5854\" aria-expanded=\"false\">\n\t\t\t\t\t\t\t\t\t\t\t\t<a href=\"\">LLWA<\/a><br \/>\n\t\t\t\t\t<\/h2>\n<p><a href=\"\/en\/llwa\"><img loading=\"lazy\" decoding=\"async\" src=\"https:\/\/potentiometer.de\/wp-content\/uploads\/2022\/03\/LLWA_Linear_Altmann-GmbH_potentiometer-300x203.jpg\" alt=\"\" width=\"300\" height=\"203\" \/><\/a><\/p>\n<ul>\n<li>Welle: &#8211;<\/li>\n<li>Befestigungsart: Nach Kundenwunsch<\/li>\n<li>Weg: 50 &#8211; 500 mm<\/li>\n<li>Lebensdauer: 2,5 x 10\u2076 Schleiferweg<\/li>\n<li>Anschluss: Kabel, Stecker<\/li>\n<li>Widerstandselement: Leitplastik<\/li>\n<li>Widerstandswerte + Toleranz: 10 K-Ohm \u00b120%<\/li>\n<li>Linearit\u00e4t: \u00b12%<\/li>\n<li>Sensorausgang: \u2014<\/li>\n<li>Mittelanzapfung: \u2014<\/li>\n<li>Anwendung\/Marktsegment: Maschinen- und Anlagenbau, Medizintechnik<\/li>\n<li>Eigenschaften:\n<ul>\n<li>Potentiometer auf FR4\u00a0zur Systemintegration<\/li>\n<\/ul>\n<\/li>\n<\/ul>\n<p><a href=\"\/en\/llwa\">Mehr erfahren<\/a><\/p>\n","protected":false},"excerpt":{"rendered":"<p>Linear-Potentiometer DL30 LL30 LL32 LLWA Shaft \u00d86 mm stainless steel \u00d86 mm stainless steel \u00d86 mm stainless steel &#8211; Dimensions Clamping claws, flange mounting Clamping claws, flange mounting Clamping claws, flange mounting According to customer requirements Mounting types 30 &#8211; 500 mm 30 &#8211; 500 mm 50 &#8211; 1.000 mm 50 &#8211; 500 mm Rotation [&hellip;]<\/p>\n","protected":false},"author":5,"featured_media":0,"parent":0,"menu_order":0,"comment_status":"closed","ping_status":"closed","template":"","meta":{"ocean_post_layout":"","ocean_both_sidebars_style":"","ocean_both_sidebars_content_width":0,"ocean_both_sidebars_sidebars_width":0,"ocean_sidebar":"0","ocean_second_sidebar":"0","ocean_disable_margins":"enable","ocean_add_body_class":"","ocean_shortcode_before_top_bar":"","ocean_shortcode_after_top_bar":"","ocean_shortcode_before_header":"","ocean_shortcode_after_header":"","ocean_has_shortcode":"","ocean_shortcode_after_title":"","ocean_shortcode_before_footer_widgets":"","ocean_shortcode_after_footer_widgets":"","ocean_shortcode_before_footer_bottom":"","ocean_shortcode_after_footer_bottom":"","ocean_display_top_bar":"default","ocean_display_header":"default","ocean_header_style":"","ocean_center_header_left_menu":"0","ocean_custom_header_template":"0","ocean_custom_logo":0,"ocean_custom_retina_logo":0,"ocean_custom_logo_max_width":0,"ocean_custom_logo_tablet_max_width":0,"ocean_custom_logo_mobile_max_width":0,"ocean_custom_logo_max_height":0,"ocean_custom_logo_tablet_max_height":0,"ocean_custom_logo_mobile_max_height":0,"ocean_header_custom_menu":"0","ocean_menu_typo_font_family":"0","ocean_menu_typo_font_subset":"","ocean_menu_typo_font_size":0,"ocean_menu_typo_font_size_tablet":0,"ocean_menu_typo_font_size_mobile":0,"ocean_menu_typo_font_size_unit":"px","ocean_menu_typo_font_weight":"","ocean_menu_typo_font_weight_tablet":"","ocean_menu_typo_font_weight_mobile":"","ocean_menu_typo_transform":"","ocean_menu_typo_transform_tablet":"","ocean_menu_typo_transform_mobile":"","ocean_menu_typo_line_height":0,"ocean_menu_typo_line_height_tablet":0,"ocean_menu_typo_line_height_mobile":0,"ocean_menu_typo_line_height_unit":"","ocean_menu_typo_spacing":0,"ocean_menu_typo_spacing_tablet":0,"ocean_menu_typo_spacing_mobile":0,"ocean_menu_typo_spacing_unit":"","ocean_menu_link_color":"","ocean_menu_link_color_hover":"","ocean_menu_link_color_active":"","ocean_menu_link_background":"","ocean_menu_link_hover_background":"","ocean_menu_link_active_background":"","ocean_menu_social_links_bg":"","ocean_menu_social_hover_links_bg":"","ocean_menu_social_links_color":"","ocean_menu_social_hover_links_color":"","ocean_disable_title":"default","ocean_disable_heading":"default","ocean_post_title":"","ocean_post_subheading":"","ocean_post_title_style":"","ocean_post_title_background_color":"","ocean_post_title_background":0,"ocean_post_title_bg_image_position":"","ocean_post_title_bg_image_attachment":"","ocean_post_title_bg_image_repeat":"","ocean_post_title_bg_image_size":"","ocean_post_title_height":0,"ocean_post_title_bg_overlay":0.5,"ocean_post_title_bg_overlay_color":"","ocean_disable_breadcrumbs":"default","ocean_breadcrumbs_color":"","ocean_breadcrumbs_separator_color":"","ocean_breadcrumbs_links_color":"","ocean_breadcrumbs_links_hover_color":"","ocean_display_footer_widgets":"default","ocean_display_footer_bottom":"default","ocean_custom_footer_template":"0","footnotes":""},"class_list":["post-1331","page","type-page","status-publish","hentry","entry"],"translation":{"provider":"WPGlobus","version":"3.0.2","language":"en","enabled_languages":["de","en"],"languages":{"de":{"title":true,"content":true,"excerpt":false},"en":{"title":true,"content":true,"excerpt":false}}},"_links":{"self":[{"href":"https:\/\/training.altmann-gmbh.de\/en\/wp-json\/wp\/v2\/pages\/1331","targetHints":{"allow":["GET"]}}],"collection":[{"href":"https:\/\/training.altmann-gmbh.de\/en\/wp-json\/wp\/v2\/pages"}],"about":[{"href":"https:\/\/training.altmann-gmbh.de\/en\/wp-json\/wp\/v2\/types\/page"}],"author":[{"embeddable":true,"href":"https:\/\/training.altmann-gmbh.de\/en\/wp-json\/wp\/v2\/users\/5"}],"replies":[{"embeddable":true,"href":"https:\/\/training.altmann-gmbh.de\/en\/wp-json\/wp\/v2\/comments?post=1331"}],"version-history":[{"count":10,"href":"https:\/\/training.altmann-gmbh.de\/en\/wp-json\/wp\/v2\/pages\/1331\/revisions"}],"predecessor-version":[{"id":5900,"href":"https:\/\/training.altmann-gmbh.de\/en\/wp-json\/wp\/v2\/pages\/1331\/revisions\/5900"}],"wp:attachment":[{"href":"https:\/\/training.altmann-gmbh.de\/en\/wp-json\/wp\/v2\/media?parent=1331"}],"curies":[{"name":"wp","href":"https:\/\/api.w.org\/{rel}","templated":true}]}}