{"id":1339,"date":"2022-03-06T14:16:29","date_gmt":"2022-03-06T13:16:29","guid":{"rendered":"https:\/\/wp-dev.altmann-gmbh.de\/?page_id=1339"},"modified":"2022-05-25T09:55:36","modified_gmt":"2022-05-25T07:55:36","slug":"potentiometer-zubehoer","status":"publish","type":"page","link":"https:\/\/training.altmann-gmbh.de\/en\/potentiometer-zubehoer\/","title":{"rendered":"Potentiometer-Accessory"},"content":{"rendered":"<style>\/*! elementor - v3.6.5 - 27-04-2022 *\/\n.elementor-heading-title{padding:0;margin:0;line-height:1}.elementor-widget-heading .elementor-heading-title[class*=elementor-size-]>a{color:inherit;font-size:inherit;line-height:inherit}.elementor-widget-heading .elementor-heading-title.elementor-size-small{font-size:15px}.elementor-widget-heading .elementor-heading-title.elementor-size-medium{font-size:19px}.elementor-widget-heading .elementor-heading-title.elementor-size-large{font-size:29px}.elementor-widget-heading .elementor-heading-title.elementor-size-xl{font-size:39px}.elementor-widget-heading .elementor-heading-title.elementor-size-xxl{font-size:59px}<\/style>\n<h1>Potentiometer-Accessory<\/h1>\n<style>\/*! elementor - v3.6.5 - 27-04-2022 *\/\n.elementor-widget-image{text-align:center}.elementor-widget-image a{display:inline-block}.elementor-widget-image a img[src$=\".svg\"]{width:48px}.elementor-widget-image img{vertical-align:middle;display:inline-block}<\/style>\n<p>\t\t\t\t\t\t\t\t\t\t\t\t\t<a href=\"\/en\/drehknoepfe\"><br \/>\n\t\t\t\t\t\t\t<img loading=\"lazy\" decoding=\"async\" width=\"300\" height=\"203\" src=\"https:\/\/potentiometer.de\/wp-content\/uploads\/2022\/03\/Knopf_Zubehoer_Altmann-GmbH_potentiometer.de_.jpg\" alt=\"\" loading=\"lazy\" \/>\t\t\t\t\t\t\t\t<\/a><br \/>\n\t\t\t\t\t\t\t\t\t\t\t\t\t\t\t\t<a href=\"\/en\/skalen\"><br \/>\n\t\t\t\t\t\t\t<img loading=\"lazy\" decoding=\"async\" width=\"300\" height=\"203\" src=\"https:\/\/potentiometer.de\/wp-content\/uploads\/2022\/03\/Skala_Zubehoer_Altmann-GmbH_potentiometer.de_-1.jpg\" alt=\"\" loading=\"lazy\" \/>\t\t\t\t\t\t\t\t<\/a><\/p>\n<h2><a href=\"\/en\/drehknoepfe\">Knobs<\/a><\/h2>\n<h2><a href=\"\/en\/skalen\">Scales<\/a><\/h2>\n<p><strong>Description<\/strong><\/p>\n<p>\u00d86,00 and 6,35 mm<\/p>\n<p>2\u00d760\u00b0\/ 2\u00d790\u00b0\/ 2\u00d7135\u00b0 \/ 2\u00d7165\u00b0 \/ 120\u00b0 \/ 180\u00b0 \/ 270\u00b0 \/ 330\u00b0<\/p>\n<p><strong>Diameter<\/strong><\/p>\n<p>\u00d824,5 \/ \u00d828,0 \/ \u00d831,5 \/ \u00d842,0 or \u00d863,0 mm<\/p>\n<p>\u00d870 mm<\/p>\n<p><strong>Material<\/strong><\/p>\n<p>Plastic or aluminum<\/p>\n<p>Aluminium<\/p>\n<p><strong>Execution<\/strong><\/p>\n<p>Anodized, painted, coated<\/p>\n<p>Ground silver, printing black<\/p>\n<h1>Potentiometer-Zubeh\u00f6r<\/h1>\n<style>.elementor-toggle{text-align:left}.elementor-toggle .elementor-tab-title{font-weight:700;line-height:1;margin:0;padding:15px;border-bottom:1px solid #d4d4d4;cursor:pointer;outline:none}.elementor-toggle .elementor-tab-title .elementor-toggle-icon{display:inline-block;width:1em}.elementor-toggle .elementor-tab-title .elementor-toggle-icon svg{-webkit-margin-start:-5px;margin-inline-start:-5px;width:1em;height:1em}.elementor-toggle .elementor-tab-title .elementor-toggle-icon.elementor-toggle-icon-right{float:right;text-align:right}.elementor-toggle .elementor-tab-title .elementor-toggle-icon.elementor-toggle-icon-left{float:left;text-align:left}.elementor-toggle .elementor-tab-title .elementor-toggle-icon .elementor-toggle-icon-closed{display:block}.elementor-toggle .elementor-tab-title .elementor-toggle-icon .elementor-toggle-icon-opened{display:none}.elementor-toggle .elementor-tab-title.elementor-active{border-bottom:none}.elementor-toggle .elementor-tab-title.elementor-active .elementor-toggle-icon-closed{display:none}.elementor-toggle .elementor-tab-title.elementor-active .elementor-toggle-icon-opened{display:block}.elementor-toggle .elementor-tab-content{padding:15px;border-bottom:1px solid #d4d4d4;display:none}@media (max-width:900px){.elementor-toggle .elementor-tab-title{padding:12px}.elementor-toggle .elementor-tab-content{padding:12px 10px}}<\/style>\n<h2 id=\"elementor-tab-title-1701\" data-tab=\"1\" role=\"tab\" aria-controls=\"elementor-tab-content-1701\" aria-expanded=\"false\">\n\t\t\t\t\t\t\t\t\t\t\t\t<a href=\"\">Drehkn\u00f6pfe<\/a><br \/>\n\t\t\t\t\t<\/h2>\n<p><a href=\"\/en\/drehknoepfe\/\"><img fetchpriority=\"high\" decoding=\"async\" src=\"https:\/\/potentiometer.de\/wp-content\/uploads\/2022\/03\/Knopf_Zubehoer_Altmann-GmbH_potentiometer-300x300-1-300x300.jpg\" alt=\"\" width=\"300\" height=\"300\" \/><\/a><\/p>\n<ul>\n<li>Beschreibung: \u00d86,00 und 6,35 mm<\/li>\n<li>Durchmesser: \u00d824,5 \/ \u00d828,0 \/ \u00d831,5 \/ \u00d842,0 oder \u00d863,0 mm<\/li>\n<li>Material: Kunststoff oder Aluminium<\/li>\n<li>Ausf\u00fchrung: Eloxiert, lackiert, beschichtet<\/li>\n<\/ul>\n<p><a href=\"\/en\/drehknoepfe\">Mehr erfahren<\/a><\/p>\n<h2 id=\"elementor-tab-title-1702\" data-tab=\"2\" role=\"tab\" aria-controls=\"elementor-tab-content-1702\" aria-expanded=\"false\">\n\t\t\t\t\t\t\t\t\t\t\t\t<a href=\"\">Skalen<\/a><br \/>\n\t\t\t\t\t<\/h2>\n<p><a href=\"\/en\/skalen\/\"><img decoding=\"async\" src=\"https:\/\/potentiometer.de\/wp-content\/uploads\/2022\/03\/Skala_Zubehoer_Altmann-GmbH_potentiometer-300x300-1-300x300.jpg\" alt=\"\" width=\"300\" height=\"300\" \/><\/a><\/p>\n<ul>\n<li>Beschreibung: 2\u00d760\u00b0\/ 2\u00d790\u00b0\/ 2\u00d7135\u00b0 \/ 2\u00d7165\u00b0 \/ 120\u00b0 \/ 180\u00b0 \/ 270\u00b0 \/ 330\u00b0<\/li>\n<li>Durchmesser: \u00d870 mm<\/li>\n<li>Material: Aluminium<\/li>\n<li>Ausf\u00fchrung: Grund silber, Schrift schwarz<\/li>\n<\/ul>\n<p><a href=\"\/en\/skalen\">Mehr erfahren<\/a><\/p>\n","protected":false},"excerpt":{"rendered":"<p>Potentiometer-Accessory Knobs Scales Description \u00d86,00 and 6,35 mm 2\u00d760\u00b0\/ 2\u00d790\u00b0\/ 2\u00d7135\u00b0 \/ 2\u00d7165\u00b0 \/ 120\u00b0 \/ 180\u00b0 \/ 270\u00b0 \/ 330\u00b0 Diameter \u00d824,5 \/ \u00d828,0 \/ \u00d831,5 \/ \u00d842,0 or \u00d863,0 mm \u00d870 mm Material Plastic or aluminum Aluminium Execution Anodized, painted, coated Ground silver, printing black Potentiometer-Zubeh\u00f6r Drehkn\u00f6pfe Beschreibung: \u00d86,00 und 6,35 mm Durchmesser: [&hellip;]<\/p>\n","protected":false},"author":5,"featured_media":0,"parent":0,"menu_order":0,"comment_status":"closed","ping_status":"closed","template":"","meta":{"ocean_post_layout":"","ocean_both_sidebars_style":"","ocean_both_sidebars_content_width":0,"ocean_both_sidebars_sidebars_width":0,"ocean_sidebar":"0","ocean_second_sidebar":"0","ocean_disable_margins":"enable","ocean_add_body_class":"","ocean_shortcode_before_top_bar":"","ocean_shortcode_after_top_bar":"","ocean_shortcode_before_header":"","ocean_shortcode_after_header":"","ocean_has_shortcode":"","ocean_shortcode_after_title":"","ocean_shortcode_before_footer_widgets":"","ocean_shortcode_after_footer_widgets":"","ocean_shortcode_before_footer_bottom":"","ocean_shortcode_after_footer_bottom":"","ocean_display_top_bar":"default","ocean_display_header":"default","ocean_header_style":"","ocean_center_header_left_menu":"0","ocean_custom_header_template":"0","ocean_custom_logo":0,"ocean_custom_retina_logo":0,"ocean_custom_logo_max_width":0,"ocean_custom_logo_tablet_max_width":0,"ocean_custom_logo_mobile_max_width":0,"ocean_custom_logo_max_height":0,"ocean_custom_logo_tablet_max_height":0,"ocean_custom_logo_mobile_max_height":0,"ocean_header_custom_menu":"0","ocean_menu_typo_font_family":"0","ocean_menu_typo_font_subset":"","ocean_menu_typo_font_size":0,"ocean_menu_typo_font_size_tablet":0,"ocean_menu_typo_font_size_mobile":0,"ocean_menu_typo_font_size_unit":"px","ocean_menu_typo_font_weight":"","ocean_menu_typo_font_weight_tablet":"","ocean_menu_typo_font_weight_mobile":"","ocean_menu_typo_transform":"","ocean_menu_typo_transform_tablet":"","ocean_menu_typo_transform_mobile":"","ocean_menu_typo_line_height":0,"ocean_menu_typo_line_height_tablet":0,"ocean_menu_typo_line_height_mobile":0,"ocean_menu_typo_line_height_unit":"","ocean_menu_typo_spacing":0,"ocean_menu_typo_spacing_tablet":0,"ocean_menu_typo_spacing_mobile":0,"ocean_menu_typo_spacing_unit":"","ocean_menu_link_color":"","ocean_menu_link_color_hover":"","ocean_menu_link_color_active":"","ocean_menu_link_background":"","ocean_menu_link_hover_background":"","ocean_menu_link_active_background":"","ocean_menu_social_links_bg":"","ocean_menu_social_hover_links_bg":"","ocean_menu_social_links_color":"","ocean_menu_social_hover_links_color":"","ocean_disable_title":"default","ocean_disable_heading":"default","ocean_post_title":"","ocean_post_subheading":"","ocean_post_title_style":"","ocean_post_title_background_color":"","ocean_post_title_background":0,"ocean_post_title_bg_image_position":"","ocean_post_title_bg_image_attachment":"","ocean_post_title_bg_image_repeat":"","ocean_post_title_bg_image_size":"","ocean_post_title_height":0,"ocean_post_title_bg_overlay":0.5,"ocean_post_title_bg_overlay_color":"","ocean_disable_breadcrumbs":"default","ocean_breadcrumbs_color":"","ocean_breadcrumbs_separator_color":"","ocean_breadcrumbs_links_color":"","ocean_breadcrumbs_links_hover_color":"","ocean_display_footer_widgets":"default","ocean_display_footer_bottom":"default","ocean_custom_footer_template":"0","footnotes":""},"class_list":["post-1339","page","type-page","status-publish","hentry","entry"],"translation":{"provider":"WPGlobus","version":"3.0.2","language":"en","enabled_languages":["de","en"],"languages":{"de":{"title":true,"content":true,"excerpt":false},"en":{"title":true,"content":true,"excerpt":false}}},"_links":{"self":[{"href":"https:\/\/training.altmann-gmbh.de\/en\/wp-json\/wp\/v2\/pages\/1339","targetHints":{"allow":["GET"]}}],"collection":[{"href":"https:\/\/training.altmann-gmbh.de\/en\/wp-json\/wp\/v2\/pages"}],"about":[{"href":"https:\/\/training.altmann-gmbh.de\/en\/wp-json\/wp\/v2\/types\/page"}],"author":[{"embeddable":true,"href":"https:\/\/training.altmann-gmbh.de\/en\/wp-json\/wp\/v2\/users\/5"}],"replies":[{"embeddable":true,"href":"https:\/\/training.altmann-gmbh.de\/en\/wp-json\/wp\/v2\/comments?post=1339"}],"version-history":[{"count":10,"href":"https:\/\/training.altmann-gmbh.de\/en\/wp-json\/wp\/v2\/pages\/1339\/revisions"}],"predecessor-version":[{"id":5588,"href":"https:\/\/training.altmann-gmbh.de\/en\/wp-json\/wp\/v2\/pages\/1339\/revisions\/5588"}],"wp:attachment":[{"href":"https:\/\/training.altmann-gmbh.de\/en\/wp-json\/wp\/v2\/media?parent=1339"}],"curies":[{"name":"wp","href":"https:\/\/api.w.org\/{rel}","templated":true}]}}