{"id":1428,"date":"2022-03-06T14:36:13","date_gmt":"2022-03-06T13:36:13","guid":{"rendered":"https:\/\/wp-dev.altmann-gmbh.de\/?page_id=1428"},"modified":"2023-01-27T11:37:59","modified_gmt":"2023-01-27T10:37:59","slug":"draht-potentiometer","status":"publish","type":"page","link":"https:\/\/training.altmann-gmbh.de\/en\/draht-potentiometer\/","title":{"rendered":"Wirewound-Potentiometer"},"content":{"rendered":"<style>\/*! elementor - v3.6.6 - 08-06-2022 *\/<br \/>\n.elementor-heading-title{padding:0;margin:0;line-height:1}.elementor-widget-heading .elementor-heading-title[class*=elementor-size-]>a{color:inherit;font-size:inherit;line-height:inherit}.elementor-widget-heading .elementor-heading-title.elementor-size-small{font-size:15px}.elementor-widget-heading .elementor-heading-title.elementor-size-medium{font-size:19px}.elementor-widget-heading .elementor-heading-title.elementor-size-large{font-size:29px}.elementor-widget-heading .elementor-heading-title.elementor-size-xl{font-size:39px}.elementor-widget-heading .elementor-heading-title.elementor-size-xxl{font-size:59px}<\/style>\n<h1>Wirewound-Potentiometer<\/h1>\n<style>\/*! elementor - v3.6.6 - 08-06-2022 *\/<br \/>\n.elementor-widget-image{text-align:center}.elementor-widget-image a{display:inline-block}.elementor-widget-image a img[src$=\".svg\"]{width:48px}.elementor-widget-image img{vertical-align:middle;display:inline-block}<\/style>\n<p>\t\t\t\t\t\t\t\t\t\t\t\t\t<a href=\"\/en\/dp18\"><br \/>\n<img loading=\"lazy\" decoding=\"async\" width=\"714\" height=\"482\" src=\"https:\/\/potentiometer.de\/wp-content\/uploads\/2022\/03\/DP18_Draht_Altmann-GmbH_potentiometer.jpg\" alt=\"\" loading=\"lazy\" srcset=\"https:\/\/potentiometer.de\/wp-content\/uploads\/2022\/03\/DP18_Draht_Altmann-GmbH_potentiometer.jpg 714w, https:\/\/potentiometer.de\/wp-content\/uploads\/2022\/03\/DP18_Draht_Altmann-GmbH_potentiometer-300x203.jpg 300w\" sizes=\"auto, (max-width: 714px) 100vw, 714px\">\t\t\t\t\t\t\t\t<\/a><br \/>\n<a href=\"\/en\/t18\"><br \/>\n<img loading=\"lazy\" decoding=\"async\" width=\"714\" height=\"482\" src=\"https:\/\/potentiometer.de\/wp-content\/uploads\/2022\/03\/T18_Draht_Altmann-GmbH_potentiometer.jpg\" alt=\"\" loading=\"lazy\" srcset=\"https:\/\/potentiometer.de\/wp-content\/uploads\/2022\/03\/T18_Draht_Altmann-GmbH_potentiometer.jpg 714w, https:\/\/potentiometer.de\/wp-content\/uploads\/2022\/03\/T18_Draht_Altmann-GmbH_potentiometer-300x203.jpg 300w\" sizes=\"auto, (max-width: 714px) 100vw, 714px\">\t\t\t\t\t\t\t\t<\/a><br \/>\n<a href=\"\/en\/dp113\"><br \/>\n<img loading=\"lazy\" decoding=\"async\" width=\"714\" height=\"482\" src=\"https:\/\/potentiometer.de\/wp-content\/uploads\/2022\/03\/DP113_Draht_Altmann-GmbH_potentiometer.jpg\" alt=\"\" loading=\"lazy\" srcset=\"https:\/\/potentiometer.de\/wp-content\/uploads\/2022\/03\/DP113_Draht_Altmann-GmbH_potentiometer.jpg 714w, https:\/\/potentiometer.de\/wp-content\/uploads\/2022\/03\/DP113_Draht_Altmann-GmbH_potentiometer-300x203.jpg 300w\" sizes=\"auto, (max-width: 714px) 100vw, 714px\">\t\t\t\t\t\t\t\t<\/a><br \/>\n<a href=\"\/en\/dp120\"><br \/>\n<img loading=\"lazy\" decoding=\"async\" width=\"714\" height=\"482\" src=\"https:\/\/potentiometer.de\/wp-content\/uploads\/2022\/03\/DP120_Draht_Altmann-GmbH_potentiometer.jpg\" alt=\"\" loading=\"lazy\" srcset=\"https:\/\/potentiometer.de\/wp-content\/uploads\/2022\/03\/DP120_Draht_Altmann-GmbH_potentiometer.jpg 714w, https:\/\/potentiometer.de\/wp-content\/uploads\/2022\/03\/DP120_Draht_Altmann-GmbH_potentiometer-300x203.jpg 300w\" sizes=\"auto, (max-width: 714px) 100vw, 714px\">\t\t\t\t\t\t\t\t<\/a><br \/>\n<a href=\"\/en\/f25\"><br \/>\n<img loading=\"lazy\" decoding=\"async\" width=\"714\" height=\"482\" src=\"https:\/\/potentiometer.de\/wp-content\/uploads\/2022\/03\/F25-Draht_Altmann-GmbH_potentiometer.de_.jpg\" alt=\"\" loading=\"lazy\" srcset=\"https:\/\/potentiometer.de\/wp-content\/uploads\/2022\/03\/F25-Draht_Altmann-GmbH_potentiometer.de_.jpg 714w, https:\/\/potentiometer.de\/wp-content\/uploads\/2022\/03\/F25-Draht_Altmann-GmbH_potentiometer.de_-300x203.jpg 300w\" sizes=\"auto, (max-width: 714px) 100vw, 714px\">\t\t\t\t\t\t\t\t<\/a><\/p>\n<h2><a href=\"\/en\/dp18\/\">DP18<\/a><\/h2>\n<h2><a href=\"\/en\/T18\">T18<\/a><\/h2>\n<h2><a href=\"\/en\/dp113\">DP113<\/a><\/h2>\n<h2><a href=\"\/en\/dp120\">DP120<\/a><\/h2>\n<h2><a href=\"\/en\/f25\">F25<\/a><\/h2>\n<p><strong>Shaft<\/strong><\/p>\n<p>\u00d86&#215;20 mm<\/p>\n<p>\u00d86&#215;20 mm<\/p>\n<p>\u00d86&#215;20 mm<\/p>\n<p>\u00d86&#215;20 mm<\/p>\n<p>\u00d81,5\/1,0&#215;6,0 mm<\/p>\n<p><strong>Dimensions<\/strong><\/p>\n<p>\u00d822&#215;22 \/ 33 \/ 45 mm<br \/>\n(without shaft)<\/p>\n<p>\u00d822&#215;19,3 \/ 30,1 mm&nbsp;<br \/>\n(without shaft)<\/p>\n<p>\u00d836,5&#215;33 \/ 47 \/ 61 mm<br \/>\n(without shaft)<\/p>\n<p>\u00d850,8&#215;36,5 \/ 53,5 mm<br \/>\n(without shaft)<\/p>\n<p>\u00d835&#215;20<br \/>\n(without shaft)<\/p>\n<p><strong>Mounting types<br \/>\n<\/strong><\/p>\n<p>M10 x 0,75<\/p>\n<p>M10 x 0,75<\/p>\n<p>M12 x 1<\/p>\n<p>M12 x 1<\/p>\n<p>Synchro flange, screw connection M2<\/p>\n<p><strong>Torque<\/strong><\/p>\n<p>up to 1,0 Ncm<\/p>\n<p>up to 1,0 Ncm<\/p>\n<p>up to 0,4 Ncm<\/p>\n<p>up to 0,4 Ncm<\/p>\n<p>0,003 Ncm \/ 0,004 Ncm<\/p>\n<p><strong>Electrical\/mechanical rotation angle<\/strong><\/p>\n<p>330\u00b0\/330\u00b0<\/p>\n<p>320\u00b0\/320\u00b0<\/p>\n<p>345\u00b0\/360\u00b0<\/p>\n<p>345\u00b0\/360\u00b0<\/p>\n<p>290\u00b0\/290\u00b0 or 358\u00b0\/360\u00b0<\/p>\n<p><strong>Rotation load life<\/strong><\/p>\n<p>1 x 10\u2076 slider path (360\u00b0)<\/p>\n<p>1 x 10\u2076 slider path (360\u00b0)<\/p>\n<p>10 x 10\u2076 slider path (360\u00b0)<\/p>\n<p>10 x 10\u2076 slider path (360\u00b0)<\/p>\n<p>50 x 10\u2076 slider path (360\u00b0)<\/p>\n<p><strong>Type of connection<\/strong><\/p>\n<p>Solder and plug connection, printed connection, stranded wire, terminal block<\/p>\n<p>Solder and plug connection, stranded wire, plug connector<\/p>\n<p>Solder and clamp connection, cable connection<\/p>\n<p>Solder and clamp connection, cable connection<\/p>\n<p>Stranded wire<\/p>\n<p><strong>Resistor element<\/strong><\/p>\n<p>Wirewound<\/p>\n<p>Wirewound<\/p>\n<p>Wirewound<\/p>\n<p>Wirewound<\/p>\n<p>Wirewound<\/p>\n<p><strong>Resistance values<br \/>\n+ Tolerance<\/strong><\/p>\n<p>1, 2, 5, 10 K-Ohm \u00b15%<\/p>\n<p>1, 2, 5, 10 K-Ohm \u00b15%&nbsp;<\/p>\n<p>1, 2, 5, 10 K-Ohm \u00b13%<\/p>\n<p>1, 2, 5, 10 K-Ohm \u00b13%<\/p>\n<p>1, 2, 5 K-Ohm \u00b13%<\/p>\n<p><strong>Linearity<\/strong><\/p>\n<p>\u00b10,5%&nbsp;<\/p>\n<p>\u00b10,5%<\/p>\n<p>\u00b10,3%<\/p>\n<p>\u00b10,3%<\/p>\n<p>\u00b10,3%<\/p>\n<p><strong>Sensor output<\/strong><\/p>\n<p>&#8211;<\/p>\n<p>&#8211;<\/p>\n<p>x<\/p>\n<p>x<\/p>\n<p>x<\/p>\n<p><strong>Centre tap<\/strong><\/p>\n<p>x<\/p>\n<p>&#8211;<\/p>\n<p>x<\/p>\n<p>x<\/p>\n<p>&#8211;<\/p>\n<p><strong>Application\/<br \/>\n<\/strong><strong>Market sector<br \/>\n<\/strong>(Examples)<\/p>\n<p>Machinery and plant engineering<\/p>\n<p>Machinery and plant engineering<\/p>\n<p>Machinery and plant engineering<\/p>\n<p>Machinery and plant engineering<\/p>\n<p>Moisture and wind measurement, manometer<\/p>\n<p><strong>Properties<\/strong><\/p>\n<ul>\n<li>Glass-fibre reinforced plastic housing<\/li>\n<li>High strength and thermal resistance<\/li>\n<li>Maintenance-free sliding bearing<\/li>\n<li>Available as tandem<\/li>\n<li>Optional up to max. IP67<\/li>\n<li>Other electromechanical features possible<\/li>\n<\/ul>\n<ul>\n<li>Glass-fibre reinforced plastic housing<\/li>\n<li>High strength and thermal resistance<\/li>\n<li>Maintenance-free sliding bearing<\/li>\n<li>Available as tandem<\/li>\n<li>Optional up to max. IP67<\/li>\n<\/ul>\n<ul>\n<li>Synchro 13<\/li>\n<li>High-quality and robust aluminium housing<\/li>\n<li>High radial axle load<\/li>\n<li>Tandem up to three times possible<\/li>\n<li>Oil filling possible<\/li>\n<li>Ball and needle bearing<\/li>\n<li>Optional up to max. IP67<\/li>\n<li>Slip coupling can be integrated<\/li>\n<\/ul>\n<ul>\n<li>Synchro 20<\/li>\n<li>High-quality and robust aluminium housing<\/li>\n<li>High radial axle load<\/li>\n<li>Ball and needle bearing<\/li>\n<li>Optional up to max. IP67<\/li>\n<li>Slip coupling can be integrated<\/li>\n<\/ul>\n<ul>\n<li>Extremely low torque (very sensitively adjustable)<\/li>\n<li>Especially suitable for measuring instruments with pointer function<\/li>\n<li>Long life<\/li>\n<li>Aluminium housing<\/li>\n<li>Jewel bearing<\/li>\n<li>Customer specific charasteristic curve possible<\/li>\n<\/ul>\n<h1>Draht-Potentiometer<\/h1>\n<style>.elementor-toggle{text-align:left}.elementor-toggle .elementor-tab-title{font-weight:700;line-height:1;margin:0;padding:15px;border-bottom:1px solid #d4d4d4;cursor:pointer;outline:none}.elementor-toggle .elementor-tab-title .elementor-toggle-icon{display:inline-block;width:1em}.elementor-toggle .elementor-tab-title .elementor-toggle-icon svg{-webkit-margin-start:-5px;margin-inline-start:-5px;width:1em;height:1em}.elementor-toggle .elementor-tab-title .elementor-toggle-icon.elementor-toggle-icon-right{float:right;text-align:right}.elementor-toggle .elementor-tab-title .elementor-toggle-icon.elementor-toggle-icon-left{float:left;text-align:left}.elementor-toggle .elementor-tab-title .elementor-toggle-icon .elementor-toggle-icon-closed{display:block}.elementor-toggle .elementor-tab-title .elementor-toggle-icon .elementor-toggle-icon-opened{display:none}.elementor-toggle .elementor-tab-title.elementor-active{border-bottom:none}.elementor-toggle .elementor-tab-title.elementor-active .elementor-toggle-icon-closed{display:none}.elementor-toggle .elementor-tab-title.elementor-active .elementor-toggle-icon-opened{display:block}.elementor-toggle .elementor-tab-content{padding:15px;border-bottom:1px solid #d4d4d4;display:none}@media (max-width:900px){.elementor-toggle .elementor-tab-title{padding:12px}.elementor-toggle .elementor-tab-content{padding:12px 10px}}<\/style>\n<h2 id=\"elementor-tab-title-1181\" data-tab=\"1\" role=\"tab\" aria-controls=\"elementor-tab-content-1181\" aria-expanded=\"false\">\n\t\t\t\t\t\t\t\t\t\t\t\t<a href=\"\">DP18<\/a><\/h2>\n<p><a href=\"\/en\/dp18\"><img fetchpriority=\"high\" decoding=\"async\" src=\"https:\/\/potentiometer.de\/wp-content\/uploads\/2022\/03\/DP18_Eingang_Draht_Altmann-GmbH_potentiometer-300x203.jpg\" alt=\"\" width=\"300\" height=\"203\"><\/a><\/p>\n<ul>\n<li>Welle: \u00d86\u00d720 mm<\/li>\n<li>Baugr\u00f6\u00dfe: \u00d822\u00d722 \/ 33 \/ 45 mm (o. Welle)<\/li>\n<li>Befestigungsart: M10 x 0,75<\/li>\n<li>Drehmoment: bis 1,0 Ncm<\/li>\n<li>Drehwinkel elek.\/mech.: 330\u00b0\/330\u00b0<\/li>\n<li>Lebensdauer: 1 x 10\u2076 Schleiferweg (360\u00b0)<\/li>\n<li>Anschluss: L\u00f6t-\/Steckanschluss, Printanschluss, Anschlusslitzen, Reihenklemme<\/li>\n<li>Widerstandselement: Draht<\/li>\n<li>Widerstandswerte + Toleranz: 1, 2, 5, 10 K-Ohm \u00b15%<\/li>\n<li>Linearit\u00e4t: \u00b10,5%<\/li>\n<li>Sensorausgang: \u2014<\/li>\n<li>Mittelanzapfung: m\u00f6glich<\/li>\n<li>Anwendung\/Marktsegment: Maschinen- und Anlagenbau<\/li>\n<li>Eigenschaften:\n<ul>\n<li>Glasfaserverst\u00e4rktes<br \/>\nKunststoffgeh\u00e4use<\/li>\n<li>Hohe Festigkeit und W\u00e4rmebest\u00e4ndigkeit<\/li>\n<li>Wartungsfreies Gleitlager<\/li>\n<li>Stapelbar<\/li>\n<li>Optional bis max. IP67<\/li>\n<li>Weitere elektromechanische Merkmale m\u00f6glich<\/li>\n<\/ul>\n<\/li>\n<\/ul>\n<p><a href=\"\/en\/dp18\">Mehr erfahren<\/a><\/p>\n<h2 id=\"elementor-tab-title-1182\" data-tab=\"2\" role=\"tab\" aria-controls=\"elementor-tab-content-1182\" aria-expanded=\"false\">\n\t\t\t\t\t\t\t\t\t\t\t\t<a href=\"\">T18<\/a><\/h2>\n<p><a href=\"\/en\/t18\"><img decoding=\"async\" src=\"https:\/\/potentiometer.de\/wp-content\/uploads\/2022\/03\/T18_Eingang_Draht_Altmann-GmbH_potentiometer-300x203.jpg\" alt=\"\" width=\"300\" height=\"203\"><\/a><\/p>\n<ul>\n<li>Welle: \u00d86\u00d720 mm<\/li>\n<li>Baugr\u00f6\u00dfe: \u00d822\u00d719,3 \/ 30,1 mm (o. Welle)<\/li>\n<li>Befestigungsart: M10 x 0,75<\/li>\n<li>Drehmoment: bis 1,0 Ncm<\/li>\n<li>Drehwinkel elek.\/mech.: 320\u00b0\/320\u00b0<\/li>\n<li>Lebensdauer: 1 x 10\u2076 Schleiferweg (360\u00b0)<\/li>\n<li>Anschluss: L\u00f6t-\/Steckanschluss, Anschlusslitzen, Steckverbinder<\/li>\n<li>Widerstandselement: Draht<\/li>\n<li>Widerstandswerte + Toleranz: 1, 2, 5, 10 K-Ohm \u00b1 5%<\/li>\n<li>Linearit\u00e4t: \u00b10,5%<\/li>\n<li>Sensorausgang: \u2014<\/li>\n<li>Mittelanzapfung: \u2014<\/li>\n<li>Anwendung\/Marktsegment: Maschinen- und Anlagenbau<\/li>\n<li>Eigenschaften:\n<ul>\n<li>Glasfaserverst\u00e4rktes Kunststoffgeh\u00e4use<\/li>\n<li>Hohe Festigkeit und W\u00e4rmebest\u00e4ndigkeit<\/li>\n<li>Wartungsfreies Gleitlager<\/li>\n<li>Stapelbar<\/li>\n<li>Optional bis max. IP67<\/li>\n<\/ul>\n<\/li>\n<\/ul>\n<p><a href=\"\/en\/t18\">Mehr erfahren<\/a><\/p>\n<h2 id=\"elementor-tab-title-1183\" data-tab=\"3\" role=\"tab\" aria-controls=\"elementor-tab-content-1183\" aria-expanded=\"false\">\n\t\t\t\t\t\t\t\t\t\t\t\t<a href=\"\">DP113<\/a><\/h2>\n<p><a href=\"\/en\/dp113\"><img decoding=\"async\" src=\"https:\/\/potentiometer.de\/wp-content\/uploads\/2022\/03\/DP113_Eingang_Draht_Altmann-GmbH_potentiometer-300x203.jpg\" alt=\"\" width=\"300\" height=\"203\"><\/a><\/p>\n<ul>\n<li>Welle: \u00d86\u00d720 mm<\/li>\n<li>Baugr\u00f6\u00dfe: \u00d836,5\u00d733 \/ 47 \/ 61 mm (o. Welle)<\/li>\n<li>Befestigungsart: M12 x 1<\/li>\n<li>Drehmoment: bis 0,4 Ncm<\/li>\n<li>Drehwinkel elek.\/mech.: 345\u00b0\/360\u00b0<\/li>\n<li>Lebensdauer: 10 x 10\u2076 Schleiferweg (360\u00b0)<\/li>\n<li>Anschluss: L\u00f6t-\/Klemmanschluss, Kabelanschluss<\/li>\n<li>Widerstandselement: Draht<\/li>\n<li>Widerstandswerte + Toleranz: 1, 2, 5, 10 K-Ohm \u00b13%<\/li>\n<li>Linearit\u00e4t: \u00b10,3%<\/li>\n<li>Sensorausgang: m\u00f6glich<\/li>\n<li>Mittelanzapfung: m\u00f6glich<\/li>\n<li>Anwendung\/Marktsegment: Maschinen- und Anlagenbau<\/li>\n<li>Eigenschaften:\n<ul>\n<li>Synchro 13<\/li>\n<li>Hochwertiges und robustes Alu-Geh\u00e4use<\/li>\n<li>Hohe radiale Achsbelastung<\/li>\n<li>Bis dreifach stapelbar<\/li>\n<li>\u00d6lf\u00fcllung m\u00f6glich<\/li>\n<li>Kugellager\/Nadellager<\/li>\n<li>Optional bis max. IP67<\/li>\n<li>Rutschkupplung integrierbar<\/li>\n<\/ul>\n<\/li>\n<\/ul>\n<p><a href=\"\/en\/dp113\">Mehr erfahren<\/a><\/p>\n<h2 id=\"elementor-tab-title-1184\" data-tab=\"4\" role=\"tab\" aria-controls=\"elementor-tab-content-1184\" aria-expanded=\"false\">\n\t\t\t\t\t\t\t\t\t\t\t\t<a href=\"\">DP120<\/a><\/h2>\n<p><a href=\"\/en\/dp120\"><img loading=\"lazy\" decoding=\"async\" src=\"https:\/\/potentiometer.de\/wp-content\/uploads\/2022\/03\/DP120_Eingang_Draht_Altmann-GmbH_potentiometer-300x203.jpg\" alt=\"\" width=\"300\" height=\"203\"><\/a><\/p>\n<ul>\n<li>Welle: \u00d86\u00d720 mm<\/li>\n<li>Baugr\u00f6\u00dfe: \u00d850,8\u00d736,5 \/ 53,5 mm (o. Welle)<\/li>\n<li>Befestigungsart: M12 x 1<\/li>\n<li>Drehmoment: bis 0,4 Ncm<\/li>\n<li>Drehwinkel elek.\/mech.: 345\u00b0\/360\u00b0<\/li>\n<li>Lebensdauer: 10 x 10\u2076 Schleiferweg (360\u00b0)<\/li>\n<li>Anschluss: L\u00f6t- \/Klemmanschluss, Kabelanschluss<\/li>\n<li>Widerstandselement: Draht<\/li>\n<li>Widerstandswerte + Toleranz: 1, 2, 5, 10 K-Ohm \u00b13%<\/li>\n<li>Linearit\u00e4t: \u00b10,3%<\/li>\n<li>Sensorausgang: m\u00f6glich<\/li>\n<li>Mittelanzapfung: m\u00f6glich<\/li>\n<li>Anwendung\/Marktsegment: Maschinen- und Anlagenbau<\/li>\n<li>Eigenschaften:\n<ul>\n<li>Synchro 20<\/li>\n<li>Hochwertiges und robustes Alu-Geh\u00e4use<\/li>\n<li>Hohe radiale Achsbelastung<\/li>\n<li>Kugellager\/Nadellager<\/li>\n<li>Optional bis max. IP67<\/li>\n<li>Rutschkupplung integrierbar<\/li>\n<\/ul>\n<\/li>\n<\/ul>\n<p><a href=\"\/en\/dp120\">Mehr erfahren<\/a><\/p>\n<h2 id=\"elementor-tab-title-1185\" data-tab=\"5\" role=\"tab\" aria-controls=\"elementor-tab-content-1185\" aria-expanded=\"false\">\n\t\t\t\t\t\t\t\t\t\t\t\t<a href=\"\">F25<\/a><\/h2>\n<p><a href=\"\/en\/f25\"><img loading=\"lazy\" decoding=\"async\" src=\"https:\/\/potentiometer.de\/wp-content\/uploads\/2022\/03\/F25_Eingang_Draht_Altmann-GmbH_potentiometer-300x203.jpg\" alt=\"\" width=\"300\" height=\"203\"><\/a><\/p>\n<ul>\n<li>Welle: \u00d81,5\/1,0\u00d76,0 mm<\/li>\n<li>Baugr\u00f6\u00dfe: \u00d835\u00d720 (o. Welle)<\/li>\n<li>Befestigungsart: Synchroflansch, Anschraubung M2<\/li>\n<li>Drehmoment: 0,003 Ncm \/ 0,004 Ncm<\/li>\n<li>Drehwinkel elek.\/mech.: 290\u00b0\/290\u00b0 oder 358\u00b0\/360\u00b0<\/li>\n<li>Lebensdauer: 50 x 10\u2076 Schleiferweg (360\u00b0)<\/li>\n<li>Anschluss: Anschlusslitzen<\/li>\n<li>Widerstandselement: Draht<\/li>\n<li>Widerstandswerte + Toleranz: 1, 2, 5 KOhm \u00b13%<\/li>\n<li>Linearit\u00e4t: \u00b10,3%<\/li>\n<li>Sensorausgang: m\u00f6glich<\/li>\n<li>Mittelanzapfung: \u2014<\/li>\n<li>Anwendung\/Marktsegment: Feuchte- und Windmessung, Manometer<\/li>\n<li>Eigenschaften:\n<ul>\n<li>Extrem niedriges Drehmoment<\/li>\n<li>Besonders geeignet f\u00fcr Messinstrumente mit Zeigerfunktion<\/li>\n<li>Hohe Lebensdauer<\/li>\n<li>Aluminium-Geh\u00e4use<\/li>\n<li>Steinlager<\/li>\n<li>Kundenspezifische Funktionswicklung lieferbar<\/li>\n<\/ul>\n<\/li>\n<\/ul>\n<p><a href=\"\/en\/f25\">Mehr erfahren<\/a><\/p>\n","protected":false},"excerpt":{"rendered":"<p>Wirewound-Potentiometer DP18 T18 DP113 DP120 F25 Shaft \u00d86&#215;20 mm \u00d86&#215;20 mm \u00d86&#215;20 mm \u00d86&#215;20 mm \u00d81,5\/1,0&#215;6,0 mm Dimensions \u00d822&#215;22 \/ 33 \/ 45 mm (without shaft) \u00d822&#215;19,3 \/ 30,1 mm&nbsp; (without shaft) \u00d836,5&#215;33 \/ 47 \/ 61 mm (without shaft) \u00d850,8&#215;36,5 \/ 53,5 mm (without shaft) \u00d835&#215;20 (without shaft) Mounting types M10 x 0,75 M10 [&hellip;]<\/p>\n","protected":false},"author":5,"featured_media":0,"parent":0,"menu_order":0,"comment_status":"closed","ping_status":"closed","template":"","meta":{"ocean_post_layout":"","ocean_both_sidebars_style":"","ocean_both_sidebars_content_width":0,"ocean_both_sidebars_sidebars_width":0,"ocean_sidebar":"0","ocean_second_sidebar":"0","ocean_disable_margins":"enable","ocean_add_body_class":"","ocean_shortcode_before_top_bar":"","ocean_shortcode_after_top_bar":"","ocean_shortcode_before_header":"","ocean_shortcode_after_header":"","ocean_has_shortcode":"","ocean_shortcode_after_title":"","ocean_shortcode_before_footer_widgets":"","ocean_shortcode_after_footer_widgets":"","ocean_shortcode_before_footer_bottom":"","ocean_shortcode_after_footer_bottom":"","ocean_display_top_bar":"default","ocean_display_header":"default","ocean_header_style":"","ocean_center_header_left_menu":"0","ocean_custom_header_template":"0","ocean_custom_logo":0,"ocean_custom_retina_logo":0,"ocean_custom_logo_max_width":0,"ocean_custom_logo_tablet_max_width":0,"ocean_custom_logo_mobile_max_width":0,"ocean_custom_logo_max_height":0,"ocean_custom_logo_tablet_max_height":0,"ocean_custom_logo_mobile_max_height":0,"ocean_header_custom_menu":"0","ocean_menu_typo_font_family":"0","ocean_menu_typo_font_subset":"","ocean_menu_typo_font_size":0,"ocean_menu_typo_font_size_tablet":0,"ocean_menu_typo_font_size_mobile":0,"ocean_menu_typo_font_size_unit":"px","ocean_menu_typo_font_weight":"","ocean_menu_typo_font_weight_tablet":"","ocean_menu_typo_font_weight_mobile":"","ocean_menu_typo_transform":"","ocean_menu_typo_transform_tablet":"","ocean_menu_typo_transform_mobile":"","ocean_menu_typo_line_height":0,"ocean_menu_typo_line_height_tablet":0,"ocean_menu_typo_line_height_mobile":0,"ocean_menu_typo_line_height_unit":"","ocean_menu_typo_spacing":0,"ocean_menu_typo_spacing_tablet":0,"ocean_menu_typo_spacing_mobile":0,"ocean_menu_typo_spacing_unit":"","ocean_menu_link_color":"","ocean_menu_link_color_hover":"","ocean_menu_link_color_active":"","ocean_menu_link_background":"","ocean_menu_link_hover_background":"","ocean_menu_link_active_background":"","ocean_menu_social_links_bg":"","ocean_menu_social_hover_links_bg":"","ocean_menu_social_links_color":"","ocean_menu_social_hover_links_color":"","ocean_disable_title":"default","ocean_disable_heading":"default","ocean_post_title":"","ocean_post_subheading":"","ocean_post_title_style":"","ocean_post_title_background_color":"","ocean_post_title_background":0,"ocean_post_title_bg_image_position":"","ocean_post_title_bg_image_attachment":"","ocean_post_title_bg_image_repeat":"","ocean_post_title_bg_image_size":"","ocean_post_title_height":0,"ocean_post_title_bg_overlay":0.5,"ocean_post_title_bg_overlay_color":"","ocean_disable_breadcrumbs":"default","ocean_breadcrumbs_color":"","ocean_breadcrumbs_separator_color":"","ocean_breadcrumbs_links_color":"","ocean_breadcrumbs_links_hover_color":"","ocean_display_footer_widgets":"default","ocean_display_footer_bottom":"default","ocean_custom_footer_template":"0","footnotes":""},"class_list":["post-1428","page","type-page","status-publish","hentry","entry"],"translation":{"provider":"WPGlobus","version":"3.0.2","language":"en","enabled_languages":["de","en"],"languages":{"de":{"title":true,"content":true,"excerpt":false},"en":{"title":true,"content":true,"excerpt":false}}},"_links":{"self":[{"href":"https:\/\/training.altmann-gmbh.de\/en\/wp-json\/wp\/v2\/pages\/1428","targetHints":{"allow":["GET"]}}],"collection":[{"href":"https:\/\/training.altmann-gmbh.de\/en\/wp-json\/wp\/v2\/pages"}],"about":[{"href":"https:\/\/training.altmann-gmbh.de\/en\/wp-json\/wp\/v2\/types\/page"}],"author":[{"embeddable":true,"href":"https:\/\/training.altmann-gmbh.de\/en\/wp-json\/wp\/v2\/users\/5"}],"replies":[{"embeddable":true,"href":"https:\/\/training.altmann-gmbh.de\/en\/wp-json\/wp\/v2\/comments?post=1428"}],"version-history":[{"count":10,"href":"https:\/\/training.altmann-gmbh.de\/en\/wp-json\/wp\/v2\/pages\/1428\/revisions"}],"predecessor-version":[{"id":6235,"href":"https:\/\/training.altmann-gmbh.de\/en\/wp-json\/wp\/v2\/pages\/1428\/revisions\/6235"}],"wp:attachment":[{"href":"https:\/\/training.altmann-gmbh.de\/en\/wp-json\/wp\/v2\/media?parent=1428"}],"curies":[{"name":"wp","href":"https:\/\/api.w.org\/{rel}","templated":true}]}}