{"id":1653,"date":"2022-03-08T14:45:08","date_gmt":"2022-03-08T13:45:08","guid":{"rendered":"https:\/\/wp-dev.altmann-gmbh.de\/?page_id=1653"},"modified":"2026-02-09T14:33:27","modified_gmt":"2026-02-09T13:33:27","slug":"distributoren","status":"publish","type":"page","link":"https:\/\/training.altmann-gmbh.de\/en\/distributoren\/","title":{"rendered":"Distributors"},"content":{"rendered":"<h1>Our domestic Distributors<\/h1>\n<h2 id=\"elementor-tab-title-1031\" data-tab=\"1\" role=\"button\" aria-controls=\"elementor-tab-content-1031\" aria-expanded=\"false\">\n\t\t\t\t\t\t\t\t\t\t\t\t<a tabindex=\"0\">ZIP-Areas 01-09 and 90-99<\/a><br \/>\n\t\t\t\t\t<\/h2>\n<p><img decoding=\"async\" src=\"https:\/\/training.altmann-gmbh.de\/wp-content\/uploads\/2022\/03\/Semtech-300x78.png\" alt=\"\" width=\"300\" height=\"78\" \/><\/p>\n<p><strong>Semtech GmbH<br \/><\/strong>Address: Schleifweg 7<br \/>ZIP \/ City: 90518 Altdorf-Ludersheim &#8211; Old in Germany<\/p>\n<p>Telephone: +49 9187 9738-0<br \/>Telefax: +49 9187 9738-38<br \/>eMail: <a href=\"mailto:test@semtech.de\">test@semtech.de<\/a><\/p>\n<p>Internet: www.semtech.<strong>com<\/strong><\/p>\n<h2 id=\"elementor-tab-title-1032\" data-tab=\"2\" role=\"button\" aria-controls=\"elementor-tab-content-1032\" aria-expanded=\"false\">\n\t\t\t\t\t\t\t\t\t\t\t\t<a tabindex=\"0\">ZIP-Area 10-29<\/a><br \/>\n\t\t\t\t\t<\/h2>\n<p><img decoding=\"async\" src=\"https:\/\/wp-dev.altmann-gmbh.de\/wp-content\/uploads\/2022\/03\/S-EV.png\" alt=\"\" width=\"172\" height=\"25\" \/><\/p>\n<p><strong>S-EV\u00a0Electronic Distribution<br \/><\/strong>Contact: Mr. Benjamin Jessen<br \/>Address: Bahnhofstr. 26<br \/>ZIP \/ City: 24392 S\u00fcderbrarup<\/p>\n<p>Telephone: +49 4641 9882025<br \/>eMail: jessen@s-ev.de<br \/>Internet: www.s\u2013ev.de<\/p>\n<h2 id=\"elementor-tab-title-1033\" data-tab=\"3\" role=\"button\" aria-controls=\"elementor-tab-content-1033\" aria-expanded=\"false\">\n\t\t\t\t\t\t\t\t\t\t\t\t<a tabindex=\"0\">ZIP-Areas 30-31, 34-38, 40-52 and 57-59<\/a><br \/>\n\t\t\t\t\t<\/h2>\n<p><img decoding=\"async\" src=\"https:\/\/wp-dev.altmann-gmbh.de\/wp-content\/uploads\/2022\/03\/Alders.png\" alt=\"\" width=\"143\" height=\"35\" \/><\/p>\n<p><strong>ALDERS electronic GmbH<\/strong><br \/>Address: Arnoldstra\u00dfe 19<br \/>ZIP \/ City: 47906 Kempen<\/p>\n<p>Telephone: +49 2152 8955-0<br \/>Telefax: +49 2152 8955-157<br \/>eMail: vertrieb@alders.de<br \/>Internet: www.alders.de<\/p>\n<h2 id=\"elementor-tab-title-1034\" data-tab=\"4\" role=\"button\" aria-controls=\"elementor-tab-content-1034\" aria-expanded=\"false\">\n\t\t\t\t\t\t\t\t\t\t\t\t<a tabindex=\"0\">ZIP-Areas\u00a053-56 and 60-89<\/a><br \/>\n\t\t\t\t\t<\/h2>\n<p><img loading=\"lazy\" decoding=\"async\" src=\"https:\/\/wp-dev.altmann-gmbh.de\/wp-content\/uploads\/2022\/03\/ekontor.png\" alt=\"\" width=\"109\" height=\"60\" \/><\/p>\n<p><strong>ekontor GmbH<br \/><\/strong>Address: Uhdestra\u00dfe 31-33<br \/>ZIP \/ City: 74081 Heilbronn<\/p>\n<p>Telephone: +49 7131 5929-0<br \/>Telefax: +49 7131 5929-0<br \/>eMail: info@ekontor.de<br \/>Internet: www.ekontor.de<\/p>\n<h1>Our international Distributors<\/h1>\n<h2 id=\"elementor-tab-title-1001\" data-tab=\"1\" role=\"button\" aria-controls=\"elementor-tab-content-1001\" aria-expanded=\"false\">\n\t\t\t\t\t\t\t\t\t\t\t\t<a tabindex=\"0\">Baltics<\/a><br \/>\n\t\t\t\t\t<\/h2>\n<p><img loading=\"lazy\" decoding=\"async\" src=\"https:\/\/wp-dev.altmann-gmbh.de\/wp-content\/uploads\/2022\/03\/MAA.png\" alt=\"\" width=\"188\" height=\"60\" \/><br \/><strong>MAA Intelengineering SIA<\/strong>\u00a0<br \/>Contact: Mr. Aleksandr Mihailov <br \/>Address: 78 Gustava Zemgala Gatve<br \/>ZIP \/ City: LV \u2013 Riga, 1039<\/p>\n<p>Telephone: +371 26390398 <br \/>eMail: maaie@maaie.net <br \/>Internet: www.maaie.net<\/p>\n<h2 id=\"elementor-tab-title-1002\" data-tab=\"2\" role=\"button\" aria-controls=\"elementor-tab-content-1002\" aria-expanded=\"false\">\n\t\t\t\t\t\t\t\t\t\t\t\t<a tabindex=\"0\">Denmark<\/a><br \/>\n\t\t\t\t\t<\/h2>\n<p><strong><img loading=\"lazy\" decoding=\"async\" src=\"https:\/\/wp-dev.altmann-gmbh.de\/wp-content\/uploads\/2022\/03\/Industrikomponenter-noch-freistellen-300x67.jpg\" alt=\"\" width=\"225\" height=\"50\" \/><\/strong><\/p>\n<p>\u00a0<\/p>\n<p><strong>Industrikomponenter A\/S<\/strong> <br \/>Contact: Mr. Mic Bendixen <br \/>Address: Energivej 33 <br \/>ZIP \/ City: DK \u2013 2750 Ballerup<\/p>\n<p>Telephone: +45 5672-0000 <br \/>Telefax: +45 5672-0005 <br \/>eMail: info@industrikomponenter.dk <br \/>Internet: www.industrikomponenter.dk<\/p>\n<h2 id=\"elementor-tab-title-1003\" data-tab=\"3\" role=\"button\" aria-controls=\"elementor-tab-content-1003\" aria-expanded=\"false\">\n\t\t\t\t\t\t\t\t\t\t\t\t<a tabindex=\"0\">United Kingdom<\/a><br \/>\n\t\t\t\t\t<\/h2>\n<p><img loading=\"lazy\" decoding=\"async\" src=\"https:\/\/wp-dev.altmann-gmbh.de\/wp-content\/uploads\/2022\/03\/Gapp_1-300x49.png\" alt=\"\" width=\"245\" height=\"40\" \/><br \/><strong>Gapp Automation Ltd<\/strong> <br \/>Contact: Mr. Peter Walker <br \/>Address: 6 Kempston Court, Kempston Hardwick <br \/>ZIP \/ City: GB \u2013 MK43 9PQ<\/p>\n<p>Telephone: +44 1234 9243-24 <br \/>Telefax: +44 1234 9243-25 <br \/>eMail: info@gapp.co.uk <br \/>Internet: www.gapp.co.uk<\/p>\n<h2 id=\"elementor-tab-title-1004\" data-tab=\"4\" role=\"button\" aria-controls=\"elementor-tab-content-1004\" aria-expanded=\"false\">\n\t\t\t\t\t\t\t\t\t\t\t\t<a tabindex=\"0\">Italy<\/a><br \/>\n\t\t\t\t\t<\/h2>\n<p><img loading=\"lazy\" decoding=\"async\" src=\"https:\/\/wp-dev.altmann-gmbh.de\/wp-content\/uploads\/2022\/03\/AME.png\" alt=\"\" width=\"119\" height=\"34\" \/><br \/><strong>A.M.E s.r.l.<\/strong> <br \/>Contact: Mr. Fabio Moretti<br \/>Address: Via Plinio, 55 <br \/>ZIP \/ City: I \u2013 20129 Milano<\/p>\n<p>Telephone: +39 022951-4026 <br \/>Telefax: +39 022940-0887 <br \/>eMail: fabio.m@ame.it<br \/>Internet: www.ame.it<\/p>\n<h2 id=\"elementor-tab-title-1005\" data-tab=\"5\" role=\"button\" aria-controls=\"elementor-tab-content-1005\" aria-expanded=\"false\">\n\t\t\t\t\t\t\t\t\t\t\t\t<a tabindex=\"0\">Netherlands<\/a><br \/>\n\t\t\t\t\t<\/h2>\n<p><img loading=\"lazy\" decoding=\"async\" src=\"https:\/\/wp-dev.altmann-gmbh.de\/wp-content\/uploads\/2022\/03\/HOD-300x240.png\" alt=\"\" width=\"125\" height=\"100\" \/><\/p>\n<p><strong>HOD Electronics B.V.<\/strong> <br \/>Contact: Mr. Jan Willem Diepeveen <br \/>Address: Klavermaten 35 <br \/>ZIP \/ City: NL \u2013 7472 DD Goor<\/p>\n<p>Telephone: +31 547 284090 <br \/>Telefax: +31 547 284099 <br \/>eMail: info@hod-electronics.nl <br \/>Internet: www.hod-electronics.nl<\/p>\n<h2 id=\"elementor-tab-title-1006\" data-tab=\"6\" role=\"button\" aria-controls=\"elementor-tab-content-1006\" aria-expanded=\"false\">\n\t\t\t\t\t\t\t\t\t\t\t\t<a tabindex=\"0\">Norway<\/a><br \/>\n\t\t\t\t\t<\/h2>\n<p><img loading=\"lazy\" decoding=\"async\" src=\"https:\/\/wp-dev.altmann-gmbh.de\/wp-content\/uploads\/2022\/03\/Salitec-300x80.png\" alt=\"\" width=\"224\" height=\"60\" \/><\/p>\n<p><strong>Salitec AS<\/strong> <br \/>Contact: Mr. Svend Salicath <br \/>Address: C. J. Hambros plass 2C<br \/>ZIP \/ City: N \u2013 0164 OSLO<\/p>\n<p>Telephone: +47 2389 1015 <br \/>Telefax: +47 9210 1005 <br \/>eMail: mail@salitec.no <br \/>Internet: www.salitec.no<\/p>\n<h2 id=\"elementor-tab-title-1007\" data-tab=\"7\" role=\"button\" aria-controls=\"elementor-tab-content-1007\" aria-expanded=\"false\">\n\t\t\t\t\t\t\t\t\t\t\t\t<a tabindex=\"0\">Austria<\/a><br \/>\n\t\t\t\t\t<\/h2>\n<p><img loading=\"lazy\" decoding=\"async\" src=\"https:\/\/wp-dev.altmann-gmbh.de\/wp-content\/uploads\/2022\/03\/Knap-noch-freistellen.png\" alt=\"\" width=\"90\" height=\"80\" \/><\/p>\n<p><strong>Wolfgang Knap Ges.m.b.H &amp; Co. KG<\/strong> <br \/>Contact: Mr. Wolfgang Knap <br \/>Address: Lilienberggasse 13 <br \/>ZIP \/ City: A \u2013 1130 Wien<\/p>\n<p>Telephone: +43 1 40308-12 <br \/>Telefax: +43 1 40872-13 <br \/>eMail: info@knap.at <br \/>Internet: www.knap.at<\/p>\n<h2 id=\"elementor-tab-title-1008\" data-tab=\"8\" role=\"button\" aria-controls=\"elementor-tab-content-1008\" aria-expanded=\"false\">\n\t\t\t\t\t\t\t\t\t\t\t\t<a tabindex=\"0\">Romania<\/a><br \/>\n\t\t\t\t\t<\/h2>\n<p><strong><img loading=\"lazy\" decoding=\"async\" src=\"https:\/\/wp-dev.altmann-gmbh.de\/wp-content\/uploads\/2022\/03\/TPH-noch-freistellen-1.jpg\" alt=\"\" width=\"180\" height=\"60\" \/><\/strong><\/p>\n<p><strong>SC TPH Comercial SRL<\/strong> <br \/>Contact: Mr. George Ghita <br \/>Address: Str. Caliman. Nr. 20 <br \/>ZIP \/ City: RO \u2013 400483 Brasow<\/p>\n<p>Telephone: +40 371 400-248 <br \/>Telefax: +40 372 8758-79 <br \/>eMail: office@tph.ro <br \/>Internet: www.tph.ro<\/p>\n<h2 id=\"elementor-tab-title-1009\" data-tab=\"9\" role=\"button\" aria-controls=\"elementor-tab-content-1009\" aria-expanded=\"false\">\n\t\t\t\t\t\t\t\t\t\t\t\t<a tabindex=\"0\">Sweden<\/a><br \/>\n\t\t\t\t\t<\/h2>\n<p><img loading=\"lazy\" decoding=\"async\" src=\"https:\/\/potentiometer.de\/wp-content\/uploads\/2023\/12\/Saga-components-1-300x99.jpg\" alt=\"\" width=\"300\" height=\"99\" \/><\/p>\n<p><strong>SAGA Components AB<\/strong><br \/>Contact: Mr. Lennart M\u00e4kinen<br \/>Address: Fagerstagatan 9<br \/>ZIP \/ City: S \u2013 163 53 Spanga<\/p>\n<p>Telephone: +46 8\u00a0564\u00a0708 00<br \/>eMail: supp.order@sagacomponents.com<br \/>Internet: www.sagacomponents.com<\/p>\n<h2 id=\"elementor-tab-title-10010\" data-tab=\"10\" role=\"button\" aria-controls=\"elementor-tab-content-10010\" aria-expanded=\"false\">\n\t\t\t\t\t\t\t\t\t\t\t\t<a tabindex=\"0\">Switzerland<\/a><br \/>\n\t\t\t\t\t<\/h2>\n<p><img loading=\"lazy\" decoding=\"async\" src=\"https:\/\/wp-dev.altmann-gmbh.de\/wp-content\/uploads\/2022\/03\/Vibratec.png\" alt=\"\" width=\"232\" height=\"18\" \/><\/p>\n<p><strong>VIBRATEC AG<\/strong>\u00a0<br \/>Contact: Mr. Martin Widmer<br \/>Address: Industriestra\u00dfe 21<br \/>ZIP \/ City: CH \u2013 5507 Mellingen<\/p>\n<p>Telephone: +41 56 481 77 77 <br \/>Telefax: +41 56 481 77 70 <br \/>eMail: info@vibratec.ch <br \/>Internet: www.vibratec.ch<\/p>\n<h2 id=\"elementor-tab-title-10011\" data-tab=\"11\" role=\"button\" aria-controls=\"elementor-tab-content-10011\" aria-expanded=\"false\">\n\t\t\t\t\t\t\t\t\t\t\t\t<a tabindex=\"0\">Czech Republic and Slovakia<\/a><br \/>\n\t\t\t\t\t<\/h2>\n<p><img loading=\"lazy\" decoding=\"async\" src=\"https:\/\/wp-dev.altmann-gmbh.de\/wp-content\/uploads\/2022\/03\/Comforia-noch-freistellen-300x81.png\" alt=\"\" width=\"204\" height=\"55\" \/><\/p>\n<p><strong>COMFORIA, s.r.o<\/strong>. <br \/>Contact: Mr. Miroslav Medal <br \/>Address: Bukova 2548\/9 <br \/>ZIP \/ City: CZ \u2013 130 00 Praha 3<\/p>\n<p>Telephone: +420 284 820 156 <br \/>eMail: comforia@email.cz<br \/>Internet: www.comforia.cz<\/p>\n<h2 id=\"elementor-tab-title-10012\" data-tab=\"12\" role=\"button\" aria-controls=\"elementor-tab-content-10012\" aria-expanded=\"false\">\n\t\t\t\t\t\t\t\t\t\t\t\t<a tabindex=\"0\">Turkey<\/a><br \/>\n\t\t\t\t\t<\/h2>\n<p><img loading=\"lazy\" decoding=\"async\" src=\"https:\/\/wp-dev.altmann-gmbh.de\/wp-content\/uploads\/2022\/03\/Sensorteknik-300x57.jpg\" alt=\"\" width=\"235\" height=\"45\" \/><\/p>\n<p><strong>SENSOR TEKN\u0130K SANAY\u0130 VE T\u0130CARET LTD.\u015eT\u0130.<\/strong> <br \/>Contact: Mr. Erdal Goroglu <br \/>Address: Esenkent Mahallesi \/ Nato Yolu Caddesi \/ Vildan Sokak No:68\/3 \u00dcmraniye <br \/>ZIP \/ City: TR \u2013 \u0130stanbul- T\u00fcrkiye<\/p>\n<p>Telephone: +90 533 316 40 15 <br \/>eMail: info@sensorteknik.com <br \/>Internet: www.sensorteknik.com<\/p>\n","protected":false},"excerpt":{"rendered":"<p>Our domestic Distributors ZIP-Areas 01-09 and 90-99 Semtech GmbHAddress: Schleifweg 7ZIP \/ City: 90518 Altdorf-Ludersheim &#8211; Old in Germany Telephone: +49 9187 9738-0Telefax: +49 9187 9738-38eMail: test@semtech.de Internet: www.semtech.com ZIP-Area 10-29 S-EV\u00a0Electronic DistributionContact: Mr. Benjamin JessenAddress: Bahnhofstr. 26ZIP \/ City: 24392 S\u00fcderbrarup Telephone: +49 4641 9882025eMail: jessen@s-ev.deInternet: www.s\u2013ev.de ZIP-Areas 30-31, 34-38, 40-52 and 57-59 ALDERS [&hellip;]<\/p>\n","protected":false},"author":5,"featured_media":0,"parent":0,"menu_order":0,"comment_status":"closed","ping_status":"closed","template":"","meta":{"ocean_post_layout":"","ocean_both_sidebars_style":"","ocean_both_sidebars_content_width":0,"ocean_both_sidebars_sidebars_width":0,"ocean_sidebar":"0","ocean_second_sidebar":"0","ocean_disable_margins":"enable","ocean_add_body_class":"","ocean_shortcode_before_top_bar":"","ocean_shortcode_after_top_bar":"","ocean_shortcode_before_header":"","ocean_shortcode_after_header":"","ocean_has_shortcode":"","ocean_shortcode_after_title":"","ocean_shortcode_before_footer_widgets":"","ocean_shortcode_after_footer_widgets":"","ocean_shortcode_before_footer_bottom":"","ocean_shortcode_after_footer_bottom":"","ocean_display_top_bar":"default","ocean_display_header":"default","ocean_header_style":"","ocean_center_header_left_menu":"0","ocean_custom_header_template":"0","ocean_custom_logo":0,"ocean_custom_retina_logo":0,"ocean_custom_logo_max_width":0,"ocean_custom_logo_tablet_max_width":0,"ocean_custom_logo_mobile_max_width":0,"ocean_custom_logo_max_height":0,"ocean_custom_logo_tablet_max_height":0,"ocean_custom_logo_mobile_max_height":0,"ocean_header_custom_menu":"0","ocean_menu_typo_font_family":"0","ocean_menu_typo_font_subset":"","ocean_menu_typo_font_size":0,"ocean_menu_typo_font_size_tablet":0,"ocean_menu_typo_font_size_mobile":0,"ocean_menu_typo_font_size_unit":"px","ocean_menu_typo_font_weight":"","ocean_menu_typo_font_weight_tablet":"","ocean_menu_typo_font_weight_mobile":"","ocean_menu_typo_transform":"","ocean_menu_typo_transform_tablet":"","ocean_menu_typo_transform_mobile":"","ocean_menu_typo_line_height":0,"ocean_menu_typo_line_height_tablet":0,"ocean_menu_typo_line_height_mobile":0,"ocean_menu_typo_line_height_unit":"","ocean_menu_typo_spacing":0,"ocean_menu_typo_spacing_tablet":0,"ocean_menu_typo_spacing_mobile":0,"ocean_menu_typo_spacing_unit":"","ocean_menu_link_color":"","ocean_menu_link_color_hover":"","ocean_menu_link_color_active":"","ocean_menu_link_background":"","ocean_menu_link_hover_background":"","ocean_menu_link_active_background":"","ocean_menu_social_links_bg":"","ocean_menu_social_hover_links_bg":"","ocean_menu_social_links_color":"","ocean_menu_social_hover_links_color":"","ocean_disable_title":"default","ocean_disable_heading":"default","ocean_post_title":"","ocean_post_subheading":"","ocean_post_title_style":"","ocean_post_title_background_color":"","ocean_post_title_background":0,"ocean_post_title_bg_image_position":"","ocean_post_title_bg_image_attachment":"","ocean_post_title_bg_image_repeat":"","ocean_post_title_bg_image_size":"","ocean_post_title_height":0,"ocean_post_title_bg_overlay":0.5,"ocean_post_title_bg_overlay_color":"","ocean_disable_breadcrumbs":"default","ocean_breadcrumbs_color":"","ocean_breadcrumbs_separator_color":"","ocean_breadcrumbs_links_color":"","ocean_breadcrumbs_links_hover_color":"","ocean_display_footer_widgets":"default","ocean_display_footer_bottom":"default","ocean_custom_footer_template":"0","footnotes":""},"class_list":["post-1653","page","type-page","status-publish","hentry","entry"],"translation":{"provider":"WPGlobus","version":"3.0.2","language":"en","enabled_languages":["de","en"],"languages":{"de":{"title":true,"content":true,"excerpt":false},"en":{"title":true,"content":true,"excerpt":false}}},"_links":{"self":[{"href":"https:\/\/training.altmann-gmbh.de\/en\/wp-json\/wp\/v2\/pages\/1653","targetHints":{"allow":["GET"]}}],"collection":[{"href":"https:\/\/training.altmann-gmbh.de\/en\/wp-json\/wp\/v2\/pages"}],"about":[{"href":"https:\/\/training.altmann-gmbh.de\/en\/wp-json\/wp\/v2\/types\/page"}],"author":[{"embeddable":true,"href":"https:\/\/training.altmann-gmbh.de\/en\/wp-json\/wp\/v2\/users\/5"}],"replies":[{"embeddable":true,"href":"https:\/\/training.altmann-gmbh.de\/en\/wp-json\/wp\/v2\/comments?post=1653"}],"version-history":[{"count":10,"href":"https:\/\/training.altmann-gmbh.de\/en\/wp-json\/wp\/v2\/pages\/1653\/revisions"}],"predecessor-version":[{"id":6931,"href":"https:\/\/training.altmann-gmbh.de\/en\/wp-json\/wp\/v2\/pages\/1653\/revisions\/6931"}],"wp:attachment":[{"href":"https:\/\/training.altmann-gmbh.de\/en\/wp-json\/wp\/v2\/media?parent=1653"}],"curies":[{"name":"wp","href":"https:\/\/api.w.org\/{rel}","templated":true}]}}