{"id":4008,"date":"2022-03-22T10:17:43","date_gmt":"2022-03-22T09:17:43","guid":{"rendered":"https:\/\/wp-dev.altmann-gmbh.de\/?page_id=4008"},"modified":"2022-06-28T10:52:29","modified_gmt":"2022-06-28T08:52:29","slug":"kohleschicht-potentiometer","status":"publish","type":"page","link":"https:\/\/training.altmann-gmbh.de\/en\/kohleschicht-potentiometer\/","title":{"rendered":"Front Panel-Potentiometer"},"content":{"rendered":"<style>\/*! elementor - v3.6.6 - 08-06-2022 *\/\n.elementor-heading-title{padding:0;margin:0;line-height:1}.elementor-widget-heading .elementor-heading-title[class*=elementor-size-]>a{color:inherit;font-size:inherit;line-height:inherit}.elementor-widget-heading .elementor-heading-title.elementor-size-small{font-size:15px}.elementor-widget-heading .elementor-heading-title.elementor-size-medium{font-size:19px}.elementor-widget-heading .elementor-heading-title.elementor-size-large{font-size:29px}.elementor-widget-heading .elementor-heading-title.elementor-size-xl{font-size:39px}.elementor-widget-heading .elementor-heading-title.elementor-size-xxl{font-size:59px}<\/style>\n<h1>Front Panel-Potentiometer<\/h1>\n<style>\/*! elementor - v3.6.6 - 08-06-2022 *\/\n.elementor-widget-image{text-align:center}.elementor-widget-image a{display:inline-block}.elementor-widget-image a img[src$=\".svg\"]{width:48px}.elementor-widget-image img{vertical-align:middle;display:inline-block}<\/style>\n<p>\t\t\t\t\t\t\t\t\t\t\t\t\t<a href=\"\/en\/ks15\"><br \/>\n\t\t\t\t\t\t\t<img loading=\"lazy\" decoding=\"async\" width=\"714\" height=\"482\" src=\"https:\/\/potentiometer.de\/wp-content\/uploads\/2022\/03\/KS15_Eingang_Kohle_Altmann-GmbH_potentiometer.de_-4.jpg\" alt=\"\" loading=\"lazy\" srcset=\"https:\/\/potentiometer.de\/wp-content\/uploads\/2022\/03\/KS15_Eingang_Kohle_Altmann-GmbH_potentiometer.de_-4.jpg 714w, https:\/\/potentiometer.de\/wp-content\/uploads\/2022\/03\/KS15_Eingang_Kohle_Altmann-GmbH_potentiometer.de_-4-300x203.jpg 300w\" sizes=\"auto, (max-width: 714px) 100vw, 714px\" \/>\t\t\t\t\t\t\t\t<\/a><\/p>\n<h2><a href=\"\/en\/ks15\">KS15<\/a><\/h2>\n<p><strong>Shaft<\/strong><\/p>\n<p>\u00d84\/6\u00d722 mm<\/p>\n<p><strong>Dimension<\/strong><\/p>\n<p>16\u00d720,5\u00d714,7 mm<br \/>(without shaft)<\/p>\n<p><strong>Mounting types<\/strong><\/p>\n<p>M7 x 0,75 or M10 x 0,75<\/p>\n<p><strong>Torque<\/strong><\/p>\n<p>&lt; 4,0 Ncm<\/p>\n<p><strong>Electrical\/mechanical<br \/>rotation angle<\/strong><\/p>\n<p>270\u00b0\/270\u00b0<\/p>\n<p><strong>Rotation load life<\/strong><\/p>\n<p>15.000 cycles<\/p>\n<p><strong>Type of connection<\/strong><\/p>\n<p>Solder connection, printed connection,<br \/>cable connection, stranded wire<\/p>\n<p><strong>Resistor element<\/strong><\/p>\n<p>Carbon film<\/p>\n<p><strong>Resistance values<br \/>+ Tolerance<\/strong><\/p>\n<p>1 (not poslog), 5, 10, 25, 100 K-Ohm \u00b120%<\/p>\n<p><strong>Application \/\u00a0Market sector<br \/><\/strong>(Examples)<\/p>\n<p>Mechanical engineering, automotive<\/p>\n<p><strong>Properties<\/strong><\/p>\n<ul>\n<li>Available as tandem<\/li>\n<li>Logarithmic characteristic available<\/li>\n<li>Middle-position locking, 11 or 41 detentpoints available<\/li>\n<\/ul>\n<h1>Kohleschicht-Potentiometer<\/h1>\n<style>.elementor-toggle{text-align:left}.elementor-toggle .elementor-tab-title{font-weight:700;line-height:1;margin:0;padding:15px;border-bottom:1px solid #d4d4d4;cursor:pointer;outline:none}.elementor-toggle .elementor-tab-title .elementor-toggle-icon{display:inline-block;width:1em}.elementor-toggle .elementor-tab-title .elementor-toggle-icon svg{-webkit-margin-start:-5px;margin-inline-start:-5px;width:1em;height:1em}.elementor-toggle .elementor-tab-title .elementor-toggle-icon.elementor-toggle-icon-right{float:right;text-align:right}.elementor-toggle .elementor-tab-title .elementor-toggle-icon.elementor-toggle-icon-left{float:left;text-align:left}.elementor-toggle .elementor-tab-title .elementor-toggle-icon .elementor-toggle-icon-closed{display:block}.elementor-toggle .elementor-tab-title .elementor-toggle-icon .elementor-toggle-icon-opened{display:none}.elementor-toggle .elementor-tab-title.elementor-active{border-bottom:none}.elementor-toggle .elementor-tab-title.elementor-active .elementor-toggle-icon-closed{display:none}.elementor-toggle .elementor-tab-title.elementor-active .elementor-toggle-icon-opened{display:block}.elementor-toggle .elementor-tab-content{padding:15px;border-bottom:1px solid #d4d4d4;display:none}@media (max-width:900px){.elementor-toggle .elementor-tab-title{padding:12px}.elementor-toggle .elementor-tab-content{padding:12px 10px}}<\/style>\n<h2 id=\"elementor-tab-title-9561\" data-tab=\"1\" role=\"tab\" aria-controls=\"elementor-tab-content-9561\" aria-expanded=\"false\">\n\t\t\t\t\t\t\t\t\t\t\t\t<a href=\"\">KS15<\/a><br \/>\n\t\t\t\t\t<\/h2>\n<p><a href=\"\/en\/ks15\"><img fetchpriority=\"high\" decoding=\"async\" src=\"https:\/\/potentiometer.de\/wp-content\/uploads\/2022\/03\/KS15_Eingang_Kohle_Altmann-GmbH_potentiometer-300x203.jpg\" alt=\"\" width=\"300\" height=\"203\" \/><\/a><\/p>\n<ul>\n<li>Welle: \u00d84\/6\u00d722 mm<\/li>\n<li>Baugr\u00f6\u00dfe: 16\u00d720,5\u00d714,7 mm (o. Welle)<\/li>\n<li>Befestigungsart: M7 x 0,75 o. M10 x 0,75<\/li>\n<li>Drehmoment: &lt; 4,0 Ncm<\/li>\n<li>Drehwinkel elek.\/mech.: 270\u00b0\/270\u00b0<\/li>\n<li>Lebensdauer: 15.000 Zyklen<\/li>\n<li>Anschluss: L\u00f6tanschluss, Printanschluss, Kabelanschluss, Anschlusslitzen<\/li>\n<li>Widerstandselement: Kohleschicht<\/li>\n<li>Widerstandswerte + Toleranz: 1 (nicht poslog), 5, 10, 25, 100 K-Ohm \u00b120%<\/li>\n<li>Anwendung\/Marktsegment: Maschinen- und Anlagenbau, Fahrzeugbau<\/li>\n<li>Eigenschaften:\n<ul>\n<li>Stapelbar<\/li>\n<li>Logarithmische Kennlinie lieferbar<\/li>\n<li>Mittelrastung, 11 oder 41 Rastpunkte verf\u00fcgbar<\/li>\n<\/ul>\n<\/li>\n<\/ul>\n<p><a href=\"\/en\/ks15\">Mehr erfahren<\/a><\/p>\n","protected":false},"excerpt":{"rendered":"<p>Front Panel-Potentiometer KS15 Shaft \u00d84\/6\u00d722 mm Dimension 16\u00d720,5\u00d714,7 mm(without shaft) Mounting types M7 x 0,75 or M10 x 0,75 Torque &lt; 4,0 Ncm Electrical\/mechanicalrotation angle 270\u00b0\/270\u00b0 Rotation load life 15.000 cycles Type of connection Solder connection, printed connection,cable connection, stranded wire Resistor element Carbon film Resistance values+ Tolerance 1 (not poslog), 5, 10, 25, 100 [&hellip;]<\/p>\n","protected":false},"author":5,"featured_media":0,"parent":0,"menu_order":0,"comment_status":"closed","ping_status":"closed","template":"","meta":{"ocean_post_layout":"","ocean_both_sidebars_style":"","ocean_both_sidebars_content_width":0,"ocean_both_sidebars_sidebars_width":0,"ocean_sidebar":"0","ocean_second_sidebar":"0","ocean_disable_margins":"enable","ocean_add_body_class":"","ocean_shortcode_before_top_bar":"","ocean_shortcode_after_top_bar":"","ocean_shortcode_before_header":"","ocean_shortcode_after_header":"","ocean_has_shortcode":"","ocean_shortcode_after_title":"","ocean_shortcode_before_footer_widgets":"","ocean_shortcode_after_footer_widgets":"","ocean_shortcode_before_footer_bottom":"","ocean_shortcode_after_footer_bottom":"","ocean_display_top_bar":"default","ocean_display_header":"default","ocean_header_style":"","ocean_center_header_left_menu":"0","ocean_custom_header_template":"0","ocean_custom_logo":0,"ocean_custom_retina_logo":0,"ocean_custom_logo_max_width":0,"ocean_custom_logo_tablet_max_width":0,"ocean_custom_logo_mobile_max_width":0,"ocean_custom_logo_max_height":0,"ocean_custom_logo_tablet_max_height":0,"ocean_custom_logo_mobile_max_height":0,"ocean_header_custom_menu":"0","ocean_menu_typo_font_family":"0","ocean_menu_typo_font_subset":"","ocean_menu_typo_font_size":0,"ocean_menu_typo_font_size_tablet":0,"ocean_menu_typo_font_size_mobile":0,"ocean_menu_typo_font_size_unit":"px","ocean_menu_typo_font_weight":"","ocean_menu_typo_font_weight_tablet":"","ocean_menu_typo_font_weight_mobile":"","ocean_menu_typo_transform":"","ocean_menu_typo_transform_tablet":"","ocean_menu_typo_transform_mobile":"","ocean_menu_typo_line_height":0,"ocean_menu_typo_line_height_tablet":0,"ocean_menu_typo_line_height_mobile":0,"ocean_menu_typo_line_height_unit":"","ocean_menu_typo_spacing":0,"ocean_menu_typo_spacing_tablet":0,"ocean_menu_typo_spacing_mobile":0,"ocean_menu_typo_spacing_unit":"","ocean_menu_link_color":"","ocean_menu_link_color_hover":"","ocean_menu_link_color_active":"","ocean_menu_link_background":"","ocean_menu_link_hover_background":"","ocean_menu_link_active_background":"","ocean_menu_social_links_bg":"","ocean_menu_social_hover_links_bg":"","ocean_menu_social_links_color":"","ocean_menu_social_hover_links_color":"","ocean_disable_title":"default","ocean_disable_heading":"default","ocean_post_title":"","ocean_post_subheading":"","ocean_post_title_style":"","ocean_post_title_background_color":"","ocean_post_title_background":0,"ocean_post_title_bg_image_position":"","ocean_post_title_bg_image_attachment":"","ocean_post_title_bg_image_repeat":"","ocean_post_title_bg_image_size":"","ocean_post_title_height":0,"ocean_post_title_bg_overlay":0.5,"ocean_post_title_bg_overlay_color":"","ocean_disable_breadcrumbs":"default","ocean_breadcrumbs_color":"","ocean_breadcrumbs_separator_color":"","ocean_breadcrumbs_links_color":"","ocean_breadcrumbs_links_hover_color":"","ocean_display_footer_widgets":"default","ocean_display_footer_bottom":"default","ocean_custom_footer_template":"0","footnotes":""},"class_list":["post-4008","page","type-page","status-publish","hentry","entry"],"translation":{"provider":"WPGlobus","version":"3.0.2","language":"en","enabled_languages":["de","en"],"languages":{"de":{"title":true,"content":true,"excerpt":false},"en":{"title":true,"content":true,"excerpt":false}}},"_links":{"self":[{"href":"https:\/\/training.altmann-gmbh.de\/en\/wp-json\/wp\/v2\/pages\/4008","targetHints":{"allow":["GET"]}}],"collection":[{"href":"https:\/\/training.altmann-gmbh.de\/en\/wp-json\/wp\/v2\/pages"}],"about":[{"href":"https:\/\/training.altmann-gmbh.de\/en\/wp-json\/wp\/v2\/types\/page"}],"author":[{"embeddable":true,"href":"https:\/\/training.altmann-gmbh.de\/en\/wp-json\/wp\/v2\/users\/5"}],"replies":[{"embeddable":true,"href":"https:\/\/training.altmann-gmbh.de\/en\/wp-json\/wp\/v2\/comments?post=4008"}],"version-history":[{"count":10,"href":"https:\/\/training.altmann-gmbh.de\/en\/wp-json\/wp\/v2\/pages\/4008\/revisions"}],"predecessor-version":[{"id":5887,"href":"https:\/\/training.altmann-gmbh.de\/en\/wp-json\/wp\/v2\/pages\/4008\/revisions\/5887"}],"wp:attachment":[{"href":"https:\/\/training.altmann-gmbh.de\/en\/wp-json\/wp\/v2\/media?parent=4008"}],"curies":[{"name":"wp","href":"https:\/\/api.w.org\/{rel}","templated":true}]}}